{"id":1197,"date":"2026-02-03T11:27:29","date_gmt":"2026-02-03T11:27:29","guid":{"rendered":"https:\/\/ltva-sabaoani.ro\/?page_id=1197"},"modified":"2026-03-17T06:33:45","modified_gmt":"2026-03-17T06:33:45","slug":"olimpiade-scolare","status":"publish","type":"page","link":"https:\/\/ltva-sabaoani.ro\/?page_id=1197","title":{"rendered":"Olimpiade \u0219colare"},"content":{"rendered":"\t\t<div data-elementor-type=\"wp-page\" data-elementor-id=\"1197\" class=\"elementor elementor-1197\">\n\t\t\t\t\t\t\t<div class=\"elementor-element elementor-element-8dafad8 e-con-full e-flex e-con e-parent\" data-id=\"8dafad8\" data-element_type=\"container\" data-settings=\"{&quot;content_width&quot;:&quot;full&quot;}\" data-core-v316-plus=\"true\">\n\t\t<div class=\"elementor-element elementor-element-553d787 e-con-full e-flex e-con e-child\" data-id=\"553d787\" data-element_type=\"container\" data-settings=\"{&quot;content_width&quot;:&quot;full&quot;}\">\n\t\t\t\t<div class=\"elementor-element elementor-element-845ebcc elementor-widget elementor-widget-image\" data-id=\"845ebcc\" data-element_type=\"widget\" data-widget_type=\"image.default\">\n\t\t\t\t<div class=\"elementor-widget-container\">\n\t\t\t<style>\/*! elementor - v3.17.0 - 08-11-2023 *\/\n.elementor-widget-image{text-align:center}.elementor-widget-image a{display:inline-block}.elementor-widget-image a img[src$=\".svg\"]{width:48px}.elementor-widget-image img{vertical-align:middle;display:inline-block}<\/style>\t\t\t\t\t\t\t\t\t\t\t\t<img fetchpriority=\"high\" decoding=\"async\" width=\"1024\" height=\"1024\" src=\"https:\/\/ltva-sabaoani.ro\/wp-content\/uploads\/2024\/10\/Documente-1024x1024.png\" class=\"attachment-large size-large wp-image-642\" alt=\"\" srcset=\"https:\/\/ltva-sabaoani.ro\/wp-content\/uploads\/2024\/10\/Documente-1024x1024.png 1024w, https:\/\/ltva-sabaoani.ro\/wp-content\/uploads\/2024\/10\/Documente-300x300.png 300w, https:\/\/ltva-sabaoani.ro\/wp-content\/uploads\/2024\/10\/Documente-150x150.png 150w, https:\/\/ltva-sabaoani.ro\/wp-content\/uploads\/2024\/10\/Documente-768x768.png 768w, https:\/\/ltva-sabaoani.ro\/wp-content\/uploads\/2024\/10\/Documente.png 1080w\" sizes=\"(max-width: 1024px) 100vw, 1024px\" \/>\t\t\t\t\t\t\t\t\t\t\t\t\t\t\t<\/div>\n\t\t\t\t<\/div>\n\t\t\t\t<\/div>\n\t\t<div class=\"elementor-element elementor-element-d72eb3f e-con-full e-flex e-con e-child\" data-id=\"d72eb3f\" data-element_type=\"container\" data-settings=\"{&quot;content_width&quot;:&quot;full&quot;}\">\n\t\t\t\t<div class=\"elementor-element elementor-element-cdb1234 elementor-widget elementor-widget-heading\" data-id=\"cdb1234\" data-element_type=\"widget\" data-widget_type=\"heading.default\">\n\t\t\t\t<div class=\"elementor-widget-container\">\n\t\t\t<style>\/*! elementor - v3.17.0 - 08-11-2023 *\/\n.elementor-heading-title{padding:0;margin:0;line-height:1}.elementor-widget-heading .elementor-heading-title[class*=elementor-size-]>a{color:inherit;font-size:inherit;line-height:inherit}.elementor-widget-heading .elementor-heading-title.elementor-size-small{font-size:15px}.elementor-widget-heading .elementor-heading-title.elementor-size-medium{font-size:19px}.elementor-widget-heading .elementor-heading-title.elementor-size-large{font-size:29px}.elementor-widget-heading .elementor-heading-title.elementor-size-xl{font-size:39px}.elementor-widget-heading .elementor-heading-title.elementor-size-xxl{font-size:59px}<\/style><h2 class=\"elementor-heading-title elementor-size-xl\">Olimpiada de Limb\u0103 \u0219i literatur\u0103 rom\u00e2n\u0103 pentru clasele V-XII, etapa local\u0103, 14.02.2026<\/h2>\t\t<\/div>\n\t\t\t\t<\/div>\n\t\t\t\t<div class=\"elementor-element elementor-element-6bcc0a4 elementor-align-center elementor-widget elementor-widget-button\" data-id=\"6bcc0a4\" data-element_type=\"widget\" data-widget_type=\"button.default\">\n\t\t\t\t<div class=\"elementor-widget-container\">\n\t\t\t\t\t<div class=\"elementor-button-wrapper\">\n\t\t\t<a class=\"elementor-button elementor-button-link elementor-size-sm\" href=\"http:\/\/ltva-sabaoani.ro\/wp-content\/uploads\/2026\/02\/Repartizare-elevi-OLLR_etapa-locala_14.02.2026.pdf\">\n\t\t\t\t\t\t<span class=\"elementor-button-content-wrapper\">\n\t\t\t\t\t\t<span class=\"elementor-button-text\">Repartizarea elevilor pe s\u0103li - 14.02.2026<\/span>\n\t\t<\/span>\n\t\t\t\t\t<\/a>\n\t\t<\/div>\n\t\t\t\t<\/div>\n\t\t\t\t<\/div>\n\t\t\t\t<div class=\"elementor-element elementor-element-f308e23 elementor-align-center elementor-widget elementor-widget-button\" data-id=\"f308e23\" data-element_type=\"widget\" data-widget_type=\"button.default\">\n\t\t\t\t<div class=\"elementor-widget-container\">\n\t\t\t\t\t<div class=\"elementor-button-wrapper\">\n\t\t\t<a class=\"elementor-button elementor-button-link elementor-size-sm\" href=\"http:\/\/ltva-sabaoani.ro\/wp-content\/uploads\/2026\/02\/Rezultate-initiale-OLLR_14.02.2026_compressed.pdf\">\n\t\t\t\t\t\t<span class=\"elementor-button-content-wrapper\">\n\t\t\t\t\t\t<span class=\"elementor-button-text\">Rezultatele ini\u021biale ale elevilor participan\u021bi la Olimpiada de Limb\u0103 \u0219i literatur\u0103 rom\u00e2n\u0103, etapa local\u0103, 14.02.2026<\/span>\n\t\t<\/span>\n\t\t\t\t\t<\/a>\n\t\t<\/div>\n\t\t\t\t<\/div>\n\t\t\t\t<\/div>\n\t\t\t\t<div class=\"elementor-element elementor-element-1921ea7 elementor-align-center elementor-widget elementor-widget-button\" data-id=\"1921ea7\" data-element_type=\"widget\" data-widget_type=\"button.default\">\n\t\t\t\t<div class=\"elementor-widget-container\">\n\t\t\t\t\t<div class=\"elementor-button-wrapper\">\n\t\t\t<a class=\"elementor-button elementor-button-link elementor-size-sm\" href=\"http:\/\/ltva-sabaoani.ro\/wp-content\/uploads\/2026\/02\/Anunt-depunere-contestatii.pdf\">\n\t\t\t\t\t\t<span class=\"elementor-button-content-wrapper\">\n\t\t\t\t\t\t<span class=\"elementor-button-text\">Anun\u021b depunere contesta\u021bii<\/span>\n\t\t<\/span>\n\t\t\t\t\t<\/a>\n\t\t<\/div>\n\t\t\t\t<\/div>\n\t\t\t\t<\/div>\n\t\t\t\t<div class=\"elementor-element elementor-element-9744fee elementor-align-center elementor-widget elementor-widget-button\" data-id=\"9744fee\" data-element_type=\"widget\" data-widget_type=\"button.default\">\n\t\t\t\t<div class=\"elementor-widget-container\">\n\t\t\t\t\t<div class=\"elementor-button-wrapper\">\n\t\t\t<a class=\"elementor-button elementor-button-link elementor-size-sm\" href=\"http:\/\/ltva-sabaoani.ro\/wp-content\/uploads\/2026\/02\/Rezultate-finale-OLLR_etapa-locala_14.02.2026.pdf\">\n\t\t\t\t\t\t<span class=\"elementor-button-content-wrapper\">\n\t\t\t\t\t\t<span class=\"elementor-button-text\">Rezultatele finale ale elevilor participan\u021bi la Olimpiada de Limb\u0103 \u0219i literatur\u0103 rom\u00e2n\u0103, etapa local\u0103, 14.02.2026<\/span>\n\t\t<\/span>\n\t\t\t\t\t<\/a>\n\t\t<\/div>\n\t\t\t\t<\/div>\n\t\t\t\t<\/div>\n\t\t\t\t<div class=\"elementor-element elementor-element-f0755bd elementor-align-center elementor-widget elementor-widget-button\" data-id=\"f0755bd\" data-element_type=\"widget\" data-widget_type=\"button.default\">\n\t\t\t\t<div class=\"elementor-widget-container\">\n\t\t\t\t\t<div class=\"elementor-button-wrapper\">\n\t\t\t<a class=\"elementor-button elementor-button-link elementor-size-sm\" href=\"http:\/\/ltva-sabaoani.ro\/wp-content\/uploads\/2026\/02\/Subiecte-OLLR_gimnaziu_liceu_14.02.2026.pdf\">\n\t\t\t\t\t\t<span class=\"elementor-button-content-wrapper\">\n\t\t\t\t\t\t<span class=\"elementor-button-text\">Subiecte Olimpiada de Limb\u0103 \u0219i literatur\u0103 rom\u00e2n\u0103, etapa local\u0103, 14.02.2026<\/span>\n\t\t<\/span>\n\t\t\t\t\t<\/a>\n\t\t<\/div>\n\t\t\t\t<\/div>\n\t\t\t\t<\/div>\n\t\t\t\t<div class=\"elementor-element elementor-element-020ceea elementor-align-center elementor-widget elementor-widget-button\" data-id=\"020ceea\" data-element_type=\"widget\" data-widget_type=\"button.default\">\n\t\t\t\t<div class=\"elementor-widget-container\">\n\t\t\t\t\t<div class=\"elementor-button-wrapper\">\n\t\t\t<a class=\"elementor-button elementor-button-link elementor-size-sm\" href=\"http:\/\/ltva-sabaoani.ro\/wp-content\/uploads\/2026\/02\/Bareme-OLLR_gimnaziu_liceu_14.02.2026.pdf\">\n\t\t\t\t\t\t<span class=\"elementor-button-content-wrapper\">\n\t\t\t\t\t\t<span class=\"elementor-button-text\">Bareme Olimpiada de Limb\u0103 \u0219i literatur\u0103 rom\u00e2n\u0103, etapa local\u0103, 14.02.2026<\/span>\n\t\t<\/span>\n\t\t\t\t\t<\/a>\n\t\t<\/div>\n\t\t\t\t<\/div>\n\t\t\t\t<\/div>\n\t\t\t\t<\/div>\n\t\t\t\t<\/div>\n\t\t\t\t\t\t\t<\/div>\n\t\t","protected":false},"excerpt":{"rendered":"<p>Olimpiada de Limb\u0103 \u0219i literatur\u0103 rom\u00e2n\u0103 pentru clasele V-XII, etapa local\u0103, 14.02.2026 Repartizarea elevilor pe s\u0103li &#8211; 14.02.2026 Rezultatele ini\u021biale ale elevilor participan\u021bi la Olimpiada de Limb\u0103 \u0219i literatur\u0103 rom\u00e2n\u0103, etapa local\u0103, 14.02.2026 Anun\u021b depunere contesta\u021bii Rezultatele finale ale elevilor participan\u021bi la Olimpiada de Limb\u0103 \u0219i literatur\u0103 rom\u00e2n\u0103, etapa local\u0103, 14.02.2026 Subiecte Olimpiada de Limb\u0103&hellip;&nbsp;<a href=\"https:\/\/ltva-sabaoani.ro\/?page_id=1197\" class=\"\" rel=\"bookmark\">Cite\u0219te mai mult &raquo;<span class=\"screen-reader-text\">Olimpiade \u0219colare<\/span><\/a><\/p>\n","protected":false},"author":1,"featured_media":0,"parent":0,"menu_order":0,"comment_status":"closed","ping_status":"closed","template":"","meta":{"neve_meta_sidebar":"","neve_meta_container":"","neve_meta_enable_content_width":"","neve_meta_content_width":0,"neve_meta_title_alignment":"","neve_meta_author_avatar":"","neve_post_elements_order":"","neve_meta_disable_header":"","neve_meta_disable_footer":"","neve_meta_disable_title":"","footnotes":""},"class_list":["post-1197","page","type-page","status-publish","hentry"],"_links":{"self":[{"href":"https:\/\/ltva-sabaoani.ro\/index.php?rest_route=\/wp\/v2\/pages\/1197","targetHints":{"allow":["GET"]}}],"collection":[{"href":"https:\/\/ltva-sabaoani.ro\/index.php?rest_route=\/wp\/v2\/pages"}],"about":[{"href":"https:\/\/ltva-sabaoani.ro\/index.php?rest_route=\/wp\/v2\/types\/page"}],"author":[{"embeddable":true,"href":"https:\/\/ltva-sabaoani.ro\/index.php?rest_route=\/wp\/v2\/users\/1"}],"replies":[{"embeddable":true,"href":"https:\/\/ltva-sabaoani.ro\/index.php?rest_route=%2Fwp%2Fv2%2Fcomments&post=1197"}],"version-history":[{"count":63,"href":"https:\/\/ltva-sabaoani.ro\/index.php?rest_route=\/wp\/v2\/pages\/1197\/revisions"}],"predecessor-version":[{"id":2800,"href":"https:\/\/ltva-sabaoani.ro\/index.php?rest_route=\/wp\/v2\/pages\/1197\/revisions\/2800"}],"wp:attachment":[{"href":"https:\/\/ltva-sabaoani.ro\/index.php?rest_route=%2Fwp%2Fv2%2Fmedia&parent=1197"}],"curies":[{"name":"wp","href":"https:\/\/api.w.org\/{rel}","templated":true}]}}