{"id":1200,"date":"2026-02-03T11:27:29","date_gmt":"2026-02-03T11:27:29","guid":{"rendered":"https:\/\/ltva-sabaoani.ro\/?page_id=1200"},"modified":"2026-02-27T10:20:21","modified_gmt":"2026-02-27T10:20:21","slug":"activitati-extrascolare","status":"publish","type":"page","link":"https:\/\/ltva-sabaoani.ro\/?page_id=1200","title":{"rendered":"Activit\u0103\u021bi extra\u0219colare"},"content":{"rendered":"\t\t<div data-elementor-type=\"wp-page\" data-elementor-id=\"1200\" class=\"elementor elementor-1200\">\n\t\t\t\t\t\t\t<div class=\"elementor-element elementor-element-c56fde9 e-con-full e-flex e-con e-parent\" data-id=\"c56fde9\" data-element_type=\"container\" data-settings=\"{&quot;content_width&quot;:&quot;full&quot;}\" data-core-v316-plus=\"true\">\n\t\t<div class=\"elementor-element elementor-element-9310f49 e-con-full e-flex e-con e-child\" data-id=\"9310f49\" data-element_type=\"container\" data-settings=\"{&quot;content_width&quot;:&quot;full&quot;}\">\n\t\t\t\t<div class=\"elementor-element elementor-element-79c2cc9 elementor-widget elementor-widget-image\" data-id=\"79c2cc9\" data-element_type=\"widget\" data-widget_type=\"image.default\">\n\t\t\t\t<div class=\"elementor-widget-container\">\n\t\t\t<style>\/*! elementor - v3.17.0 - 08-11-2023 *\/\n.elementor-widget-image{text-align:center}.elementor-widget-image a{display:inline-block}.elementor-widget-image a img[src$=\".svg\"]{width:48px}.elementor-widget-image img{vertical-align:middle;display:inline-block}<\/style>\t\t\t\t\t\t\t\t\t\t\t\t<img fetchpriority=\"high\" decoding=\"async\" width=\"724\" height=\"1024\" src=\"https:\/\/ltva-sabaoani.ro\/wp-content\/uploads\/2026\/02\/Afis_Ziua-Nationala-a-Lecturii_2026_page-0001-1-724x1024.jpg\" class=\"attachment-large size-large wp-image-2409\" alt=\"\" srcset=\"https:\/\/ltva-sabaoani.ro\/wp-content\/uploads\/2026\/02\/Afis_Ziua-Nationala-a-Lecturii_2026_page-0001-1-724x1024.jpg 724w, https:\/\/ltva-sabaoani.ro\/wp-content\/uploads\/2026\/02\/Afis_Ziua-Nationala-a-Lecturii_2026_page-0001-1-212x300.jpg 212w, https:\/\/ltva-sabaoani.ro\/wp-content\/uploads\/2026\/02\/Afis_Ziua-Nationala-a-Lecturii_2026_page-0001-1-768x1087.jpg 768w, https:\/\/ltva-sabaoani.ro\/wp-content\/uploads\/2026\/02\/Afis_Ziua-Nationala-a-Lecturii_2026_page-0001-1-1086x1536.jpg 1086w, https:\/\/ltva-sabaoani.ro\/wp-content\/uploads\/2026\/02\/Afis_Ziua-Nationala-a-Lecturii_2026_page-0001-1.jpg 1241w\" sizes=\"(max-width: 724px) 100vw, 724px\" \/>\t\t\t\t\t\t\t\t\t\t\t\t\t\t\t<\/div>\n\t\t\t\t<\/div>\n\t\t\t\t<\/div>\n\t\t<div class=\"elementor-element elementor-element-50e4293 e-con-full e-flex e-con e-child\" data-id=\"50e4293\" data-element_type=\"container\" data-settings=\"{&quot;content_width&quot;:&quot;full&quot;}\">\n\t\t\t\t<div class=\"elementor-element elementor-element-d2b6ead elementor-widget elementor-widget-heading\" data-id=\"d2b6ead\" data-element_type=\"widget\" data-widget_type=\"heading.default\">\n\t\t\t\t<div class=\"elementor-widget-container\">\n\t\t\t<style>\/*! elementor - v3.17.0 - 08-11-2023 *\/\n.elementor-heading-title{padding:0;margin:0;line-height:1}.elementor-widget-heading .elementor-heading-title[class*=elementor-size-]>a{color:inherit;font-size:inherit;line-height:inherit}.elementor-widget-heading .elementor-heading-title.elementor-size-small{font-size:15px}.elementor-widget-heading .elementor-heading-title.elementor-size-medium{font-size:19px}.elementor-widget-heading .elementor-heading-title.elementor-size-large{font-size:29px}.elementor-widget-heading .elementor-heading-title.elementor-size-xl{font-size:39px}.elementor-widget-heading .elementor-heading-title.elementor-size-xxl{font-size:59px}<\/style><h2 class=\"elementor-heading-title elementor-size-default\"><br><i>ZIUA NA\u021aIONAL\u0102 A LECTURII    <\/i>                                          <\/h2>\t\t<\/div>\n\t\t\t\t<\/div>\n\t\t\t\t<div class=\"elementor-element elementor-element-319c303 elementor-widget elementor-widget-heading\" data-id=\"319c303\" data-element_type=\"widget\" data-widget_type=\"heading.default\">\n\t\t\t\t<div class=\"elementor-widget-container\">\n\t\t\t<h2 class=\"elementor-heading-title elementor-size-default\">15 FEBRUARIE 2026<\/h2>\t\t<\/div>\n\t\t\t\t<\/div>\n\t\t\t\t<\/div>\n\t\t\t\t<\/div>\n\t\t<div class=\"elementor-element elementor-element-cacb520 e-flex e-con-boxed e-con e-parent\" data-id=\"cacb520\" data-element_type=\"container\" data-settings=\"{&quot;content_width&quot;:&quot;boxed&quot;}\" data-core-v316-plus=\"true\">\n\t\t\t\t\t<div class=\"e-con-inner\">\n\t\t\t\t<div class=\"elementor-element elementor-element-f9cdb86 elementor-widget-divider--view-line elementor-widget elementor-widget-divider\" data-id=\"f9cdb86\" data-element_type=\"widget\" data-widget_type=\"divider.default\">\n\t\t\t\t<div class=\"elementor-widget-container\">\n\t\t\t<style>\/*! elementor - v3.17.0 - 08-11-2023 *\/\n.elementor-widget-divider{--divider-border-style:none;--divider-border-width:1px;--divider-color:#0c0d0e;--divider-icon-size:20px;--divider-element-spacing:10px;--divider-pattern-height:24px;--divider-pattern-size:20px;--divider-pattern-url:none;--divider-pattern-repeat:repeat-x}.elementor-widget-divider .elementor-divider{display:flex}.elementor-widget-divider .elementor-divider__text{font-size:15px;line-height:1;max-width:95%}.elementor-widget-divider .elementor-divider__element{margin:0 var(--divider-element-spacing);flex-shrink:0}.elementor-widget-divider .elementor-icon{font-size:var(--divider-icon-size)}.elementor-widget-divider .elementor-divider-separator{display:flex;margin:0;direction:ltr}.elementor-widget-divider--view-line_icon .elementor-divider-separator,.elementor-widget-divider--view-line_text .elementor-divider-separator{align-items:center}.elementor-widget-divider--view-line_icon .elementor-divider-separator:after,.elementor-widget-divider--view-line_icon .elementor-divider-separator:before,.elementor-widget-divider--view-line_text .elementor-divider-separator:after,.elementor-widget-divider--view-line_text .elementor-divider-separator:before{display:block;content:\"\";border-bottom:0;flex-grow:1;border-top:var(--divider-border-width) var(--divider-border-style) var(--divider-color)}.elementor-widget-divider--element-align-left .elementor-divider .elementor-divider-separator>.elementor-divider__svg:first-of-type{flex-grow:0;flex-shrink:100}.elementor-widget-divider--element-align-left .elementor-divider-separator:before{content:none}.elementor-widget-divider--element-align-left .elementor-divider__element{margin-left:0}.elementor-widget-divider--element-align-right .elementor-divider .elementor-divider-separator>.elementor-divider__svg:last-of-type{flex-grow:0;flex-shrink:100}.elementor-widget-divider--element-align-right .elementor-divider-separator:after{content:none}.elementor-widget-divider--element-align-right .elementor-divider__element{margin-right:0}.elementor-widget-divider:not(.elementor-widget-divider--view-line_text):not(.elementor-widget-divider--view-line_icon) .elementor-divider-separator{border-top:var(--divider-border-width) var(--divider-border-style) var(--divider-color)}.elementor-widget-divider--separator-type-pattern{--divider-border-style:none}.elementor-widget-divider--separator-type-pattern.elementor-widget-divider--view-line .elementor-divider-separator,.elementor-widget-divider--separator-type-pattern:not(.elementor-widget-divider--view-line) .elementor-divider-separator:after,.elementor-widget-divider--separator-type-pattern:not(.elementor-widget-divider--view-line) .elementor-divider-separator:before,.elementor-widget-divider--separator-type-pattern:not([class*=elementor-widget-divider--view]) .elementor-divider-separator{width:100%;min-height:var(--divider-pattern-height);-webkit-mask-size:var(--divider-pattern-size) 100%;mask-size:var(--divider-pattern-size) 100%;-webkit-mask-repeat:var(--divider-pattern-repeat);mask-repeat:var(--divider-pattern-repeat);background-color:var(--divider-color);-webkit-mask-image:var(--divider-pattern-url);mask-image:var(--divider-pattern-url)}.elementor-widget-divider--no-spacing{--divider-pattern-size:auto}.elementor-widget-divider--bg-round{--divider-pattern-repeat:round}.rtl .elementor-widget-divider .elementor-divider__text{direction:rtl}.e-con-inner>.elementor-widget-divider,.e-con>.elementor-widget-divider{width:var(--container-widget-width,100%);--flex-grow:var(--container-widget-flex-grow)}<\/style>\t\t<div class=\"elementor-divider\">\n\t\t\t<span class=\"elementor-divider-separator\">\n\t\t\t\t\t\t<\/span>\n\t\t<\/div>\n\t\t\t\t<\/div>\n\t\t\t\t<\/div>\n\t\t\t\t\t<\/div>\n\t\t\t\t<\/div>\n\t\t<div class=\"elementor-element elementor-element-dbec933 e-con-full e-flex e-con e-parent\" data-id=\"dbec933\" data-element_type=\"container\" data-settings=\"{&quot;content_width&quot;:&quot;full&quot;}\" data-core-v316-plus=\"true\">\n\t\t<div class=\"elementor-element elementor-element-439839b e-con-full e-flex e-con e-child\" data-id=\"439839b\" data-element_type=\"container\" data-settings=\"{&quot;content_width&quot;:&quot;full&quot;}\">\n\t\t\t\t<div class=\"elementor-element elementor-element-6515e7f elementor-widget elementor-widget-image\" data-id=\"6515e7f\" data-element_type=\"widget\" data-widget_type=\"image.default\">\n\t\t\t\t<div class=\"elementor-widget-container\">\n\t\t\t\t\t\t\t\t\t\t\t\t\t\t\t<img decoding=\"async\" width=\"791\" height=\"1024\" src=\"https:\/\/ltva-sabaoani.ro\/wp-content\/uploads\/2026\/02\/Afis_M.-Eminescu_LTVA_2026_page-0001-791x1024.jpg\" class=\"attachment-large size-large wp-image-2406\" alt=\"\" srcset=\"https:\/\/ltva-sabaoani.ro\/wp-content\/uploads\/2026\/02\/Afis_M.-Eminescu_LTVA_2026_page-0001-791x1024.jpg 791w, https:\/\/ltva-sabaoani.ro\/wp-content\/uploads\/2026\/02\/Afis_M.-Eminescu_LTVA_2026_page-0001-232x300.jpg 232w, https:\/\/ltva-sabaoani.ro\/wp-content\/uploads\/2026\/02\/Afis_M.-Eminescu_LTVA_2026_page-0001-768x994.jpg 768w, https:\/\/ltva-sabaoani.ro\/wp-content\/uploads\/2026\/02\/Afis_M.-Eminescu_LTVA_2026_page-0001-1187x1536.jpg 1187w, https:\/\/ltva-sabaoani.ro\/wp-content\/uploads\/2026\/02\/Afis_M.-Eminescu_LTVA_2026_page-0001.jpg 1275w\" sizes=\"(max-width: 791px) 100vw, 791px\" \/>\t\t\t\t\t\t\t\t\t\t\t\t\t\t\t<\/div>\n\t\t\t\t<\/div>\n\t\t\t\t<\/div>\n\t\t<div class=\"elementor-element elementor-element-f05c959 e-con-full e-flex e-con e-child\" data-id=\"f05c959\" data-element_type=\"container\" data-settings=\"{&quot;content_width&quot;:&quot;full&quot;}\">\n\t\t\t\t<div class=\"elementor-element elementor-element-edab60b elementor-widget elementor-widget-heading\" data-id=\"edab60b\" data-element_type=\"widget\" data-widget_type=\"heading.default\">\n\t\t\t\t<div class=\"elementor-widget-container\">\n\t\t\t<h2 class=\"elementor-heading-title elementor-size-default\">15 Ianuarie 2026<br><br><\/h2>\t\t<\/div>\n\t\t\t\t<\/div>\n\t\t\t\t<div class=\"elementor-element elementor-element-27d6541 elementor-widget elementor-widget-heading\" data-id=\"27d6541\" data-element_type=\"widget\" data-widget_type=\"heading.default\">\n\t\t\t\t<div class=\"elementor-widget-container\">\n\t\t\t<h2 class=\"elementor-heading-title elementor-size-xl\">Mihai Eminescu la aniversare!<br><\/h2>\t\t<\/div>\n\t\t\t\t<\/div>\n\t\t\t\t<div class=\"elementor-element elementor-element-30c2cc9 elementor-widget elementor-widget-heading\" data-id=\"30c2cc9\" data-element_type=\"widget\" data-widget_type=\"heading.default\">\n\t\t\t\t<div class=\"elementor-widget-container\">\n\t\t\t<h2 class=\"elementor-heading-title elementor-size-xl\">\u201eZiua culturii na\u021bionale!\u201d<\/h2>\t\t<\/div>\n\t\t\t\t<\/div>\n\t\t\t\t<\/div>\n\t\t\t\t<\/div>\n\t\t<div class=\"elementor-element elementor-element-b215430 e-flex e-con-boxed e-con e-parent\" data-id=\"b215430\" data-element_type=\"container\" data-settings=\"{&quot;content_width&quot;:&quot;boxed&quot;}\" data-core-v316-plus=\"true\">\n\t\t\t\t\t<div class=\"e-con-inner\">\n\t\t\t\t<div class=\"elementor-element elementor-element-cbeb463 elementor-widget-divider--view-line elementor-widget elementor-widget-divider\" data-id=\"cbeb463\" data-element_type=\"widget\" data-widget_type=\"divider.default\">\n\t\t\t\t<div class=\"elementor-widget-container\">\n\t\t\t\t\t<div class=\"elementor-divider\">\n\t\t\t<span class=\"elementor-divider-separator\">\n\t\t\t\t\t\t<\/span>\n\t\t<\/div>\n\t\t\t\t<\/div>\n\t\t\t\t<\/div>\n\t\t\t\t\t<\/div>\n\t\t\t\t<\/div>\n\t\t<div class=\"elementor-element elementor-element-9370f9b e-con-full e-flex e-con e-parent\" data-id=\"9370f9b\" data-element_type=\"container\" data-settings=\"{&quot;content_width&quot;:&quot;full&quot;}\" data-core-v316-plus=\"true\">\n\t\t<div class=\"elementor-element elementor-element-69c412b e-con-full e-flex e-con e-child\" data-id=\"69c412b\" data-element_type=\"container\" data-settings=\"{&quot;content_width&quot;:&quot;full&quot;}\">\n\t\t\t\t<div class=\"elementor-element elementor-element-0c3d0c7 elementor-widget elementor-widget-image\" data-id=\"0c3d0c7\" data-element_type=\"widget\" data-widget_type=\"image.default\">\n\t\t\t\t<div class=\"elementor-widget-container\">\n\t\t\t\t\t\t\t\t\t\t\t\t\t\t\t<img decoding=\"async\" width=\"724\" height=\"1024\" src=\"https:\/\/ltva-sabaoani.ro\/wp-content\/uploads\/2026\/02\/Afis-Craciun-724x1024.jpg\" class=\"attachment-large size-large wp-image-2501\" alt=\"\" srcset=\"https:\/\/ltva-sabaoani.ro\/wp-content\/uploads\/2026\/02\/Afis-Craciun-724x1024.jpg 724w, https:\/\/ltva-sabaoani.ro\/wp-content\/uploads\/2026\/02\/Afis-Craciun-212x300.jpg 212w, https:\/\/ltva-sabaoani.ro\/wp-content\/uploads\/2026\/02\/Afis-Craciun-768x1086.jpg 768w, https:\/\/ltva-sabaoani.ro\/wp-content\/uploads\/2026\/02\/Afis-Craciun-1086x1536.jpg 1086w, https:\/\/ltva-sabaoani.ro\/wp-content\/uploads\/2026\/02\/Afis-Craciun-1448x2048.jpg 1448w, https:\/\/ltva-sabaoani.ro\/wp-content\/uploads\/2026\/02\/Afis-Craciun.jpg 1653w\" sizes=\"(max-width: 724px) 100vw, 724px\" \/>\t\t\t\t\t\t\t\t\t\t\t\t\t\t\t<\/div>\n\t\t\t\t<\/div>\n\t\t\t\t<\/div>\n\t\t<div class=\"elementor-element elementor-element-6a9fb06 e-con-full e-flex e-con e-child\" data-id=\"6a9fb06\" data-element_type=\"container\" data-settings=\"{&quot;content_width&quot;:&quot;full&quot;}\">\n\t\t\t\t<div class=\"elementor-element elementor-element-8b4e665 elementor-widget elementor-widget-heading\" data-id=\"8b4e665\" data-element_type=\"widget\" data-widget_type=\"heading.default\">\n\t\t\t\t<div class=\"elementor-widget-container\">\n\t\t\t<h2 class=\"elementor-heading-title elementor-size-default\">\u201eCr\u0103ciunul, s\u0103rb\u0103toarea darurilor!\u201d<br><\/h2>\t\t<\/div>\n\t\t\t\t<\/div>\n\t\t\t\t<div class=\"elementor-element elementor-element-c9ce870 elementor-widget elementor-widget-heading\" data-id=\"c9ce870\" data-element_type=\"widget\" data-widget_type=\"heading.default\">\n\t\t\t\t<div class=\"elementor-widget-container\">\n\t\t\t<h2 class=\"elementor-heading-title elementor-size-default\"><br>V\u0103 \u00eenvit\u0103m s\u0103 participa\u021bi la activit\u0103\u021bile dedicate s\u0103rb\u0103torilor de Cr\u0103ciun \u00een perioada 2-19 decembrie 2025.<\/h2>\t\t<\/div>\n\t\t\t\t<\/div>\n\t\t\t\t<\/div>\n\t\t\t\t<\/div>\n\t\t<div class=\"elementor-element elementor-element-5a268c8 e-flex e-con-boxed e-con e-parent\" data-id=\"5a268c8\" data-element_type=\"container\" data-settings=\"{&quot;content_width&quot;:&quot;boxed&quot;}\" data-core-v316-plus=\"true\">\n\t\t\t\t\t<div class=\"e-con-inner\">\n\t\t\t\t<div class=\"elementor-element elementor-element-5e80f1c elementor-widget-divider--view-line elementor-widget elementor-widget-divider\" data-id=\"5e80f1c\" data-element_type=\"widget\" data-widget_type=\"divider.default\">\n\t\t\t\t<div class=\"elementor-widget-container\">\n\t\t\t\t\t<div class=\"elementor-divider\">\n\t\t\t<span class=\"elementor-divider-separator\">\n\t\t\t\t\t\t<\/span>\n\t\t<\/div>\n\t\t\t\t<\/div>\n\t\t\t\t<\/div>\n\t\t\t\t\t<\/div>\n\t\t\t\t<\/div>\n\t\t<div class=\"elementor-element elementor-element-dadaba8 e-con-full e-flex e-con e-parent\" data-id=\"dadaba8\" data-element_type=\"container\" data-settings=\"{&quot;content_width&quot;:&quot;full&quot;}\" data-core-v316-plus=\"true\">\n\t\t<div class=\"elementor-element elementor-element-958b4d5 e-con-full e-flex e-con e-child\" data-id=\"958b4d5\" data-element_type=\"container\" data-settings=\"{&quot;content_width&quot;:&quot;full&quot;}\">\n\t\t\t\t<div class=\"elementor-element elementor-element-486ec95 elementor-widget elementor-widget-image\" data-id=\"486ec95\" data-element_type=\"widget\" data-widget_type=\"image.default\">\n\t\t\t\t<div class=\"elementor-widget-container\">\n\t\t\t\t\t\t\t\t\t\t\t\t\t\t\t<img loading=\"lazy\" decoding=\"async\" width=\"1024\" height=\"768\" src=\"https:\/\/ltva-sabaoani.ro\/wp-content\/uploads\/2026\/02\/WhatsApp-Image-2026-02-27-at-10.04.51-1024x768.jpeg\" class=\"attachment-large size-large wp-image-2521\" alt=\"\" srcset=\"https:\/\/ltva-sabaoani.ro\/wp-content\/uploads\/2026\/02\/WhatsApp-Image-2026-02-27-at-10.04.51-1024x768.jpeg 1024w, https:\/\/ltva-sabaoani.ro\/wp-content\/uploads\/2026\/02\/WhatsApp-Image-2026-02-27-at-10.04.51-300x225.jpeg 300w, https:\/\/ltva-sabaoani.ro\/wp-content\/uploads\/2026\/02\/WhatsApp-Image-2026-02-27-at-10.04.51-768x576.jpeg 768w, https:\/\/ltva-sabaoani.ro\/wp-content\/uploads\/2026\/02\/WhatsApp-Image-2026-02-27-at-10.04.51-1536x1152.jpeg 1536w, https:\/\/ltva-sabaoani.ro\/wp-content\/uploads\/2026\/02\/WhatsApp-Image-2026-02-27-at-10.04.51.jpeg 1600w\" sizes=\"(max-width: 1024px) 100vw, 1024px\" \/>\t\t\t\t\t\t\t\t\t\t\t\t\t\t\t<\/div>\n\t\t\t\t<\/div>\n\t\t\t\t<\/div>\n\t\t<div class=\"elementor-element elementor-element-67cd336 e-con-full e-flex e-con e-child\" data-id=\"67cd336\" data-element_type=\"container\" data-settings=\"{&quot;content_width&quot;:&quot;full&quot;}\">\n\t\t\t\t<div class=\"elementor-element elementor-element-ade52ca elementor-widget elementor-widget-heading\" data-id=\"ade52ca\" data-element_type=\"widget\" data-widget_type=\"heading.default\">\n\t\t\t\t<div class=\"elementor-widget-container\">\n\t\t\t<h2 class=\"elementor-heading-title elementor-size-default\">Tinerii, participan\u021bi activi \u00een via\u021ba comunit\u0103\u021bii<br><\/h2>\t\t<\/div>\n\t\t\t\t<\/div>\n\t\t\t\t<div class=\"elementor-element elementor-element-9686542 elementor-align-center elementor-widget elementor-widget-button\" data-id=\"9686542\" data-element_type=\"widget\" data-widget_type=\"button.default\">\n\t\t\t\t<div class=\"elementor-widget-container\">\n\t\t\t\t\t<div class=\"elementor-button-wrapper\">\n\t\t\t<a class=\"elementor-button elementor-button-link elementor-size-sm\" href=\"http:\/\/ltva-sabaoani.ro\/wp-content\/uploads\/2026\/02\/Proiect_Tinerii-._2025-2026_compressed.pdf\">\n\t\t\t\t\t\t<span class=\"elementor-button-content-wrapper\">\n\t\t\t\t\t\t<span class=\"elementor-button-text\">Proiect \u201eTinerii, participan\u021bi activi \u00een via\u021ba comunit\u0103\u021bii\u201d<\/span>\n\t\t<\/span>\n\t\t\t\t\t<\/a>\n\t\t<\/div>\n\t\t\t\t<\/div>\n\t\t\t\t<\/div>\n\t\t\t\t<\/div>\n\t\t\t\t<\/div>\n\t\t\t\t\t\t\t<\/div>\n\t\t","protected":false},"excerpt":{"rendered":"<p>ZIUA NA\u021aIONAL\u0102 A LECTURII 15 FEBRUARIE 2026 15 Ianuarie 2026 Mihai Eminescu la aniversare! \u201eZiua culturii na\u021bionale!\u201d \u201eCr\u0103ciunul, s\u0103rb\u0103toarea darurilor!\u201d V\u0103 \u00eenvit\u0103m s\u0103 participa\u021bi la activit\u0103\u021bile dedicate s\u0103rb\u0103torilor de Cr\u0103ciun \u00een perioada 2-19 decembrie 2025. Tinerii, participan\u021bi activi \u00een via\u021ba comunit\u0103\u021bii Proiect \u201eTinerii, participan\u021bi activi \u00een via\u021ba comunit\u0103\u021bii\u201d<\/p>\n","protected":false},"author":1,"featured_media":0,"parent":0,"menu_order":0,"comment_status":"closed","ping_status":"closed","template":"page-templates\/template-pagebuilder-full-width.php","meta":{"neve_meta_sidebar":"","neve_meta_container":"","neve_meta_enable_content_width":"","neve_meta_content_width":0,"neve_meta_title_alignment":"","neve_meta_author_avatar":"","neve_post_elements_order":"","neve_meta_disable_header":"","neve_meta_disable_footer":"","neve_meta_disable_title":"","footnotes":""},"class_list":["post-1200","page","type-page","status-publish","hentry"],"_links":{"self":[{"href":"https:\/\/ltva-sabaoani.ro\/index.php?rest_route=\/wp\/v2\/pages\/1200","targetHints":{"allow":["GET"]}}],"collection":[{"href":"https:\/\/ltva-sabaoani.ro\/index.php?rest_route=\/wp\/v2\/pages"}],"about":[{"href":"https:\/\/ltva-sabaoani.ro\/index.php?rest_route=\/wp\/v2\/types\/page"}],"author":[{"embeddable":true,"href":"https:\/\/ltva-sabaoani.ro\/index.php?rest_route=\/wp\/v2\/users\/1"}],"replies":[{"embeddable":true,"href":"https:\/\/ltva-sabaoani.ro\/index.php?rest_route=%2Fwp%2Fv2%2Fcomments&post=1200"}],"version-history":[{"count":64,"href":"https:\/\/ltva-sabaoani.ro\/index.php?rest_route=\/wp\/v2\/pages\/1200\/revisions"}],"predecessor-version":[{"id":2533,"href":"https:\/\/ltva-sabaoani.ro\/index.php?rest_route=\/wp\/v2\/pages\/1200\/revisions\/2533"}],"wp:attachment":[{"href":"https:\/\/ltva-sabaoani.ro\/index.php?rest_route=%2Fwp%2Fv2%2Fmedia&parent=1200"}],"curies":[{"name":"wp","href":"https:\/\/api.w.org\/{rel}","templated":true}]}}