{"id":1202,"date":"2026-02-03T11:27:29","date_gmt":"2026-02-03T11:27:29","guid":{"rendered":"https:\/\/ltva-sabaoani.ro\/?page_id=1202"},"modified":"2026-02-03T11:27:29","modified_gmt":"2026-02-03T11:27:29","slug":"programul-saptamana-verde","status":"publish","type":"page","link":"https:\/\/ltva-sabaoani.ro\/?page_id=1202","title":{"rendered":"Programul \u201eS\u0103pt\u0103m\u00e2na verde\u201d"},"content":{"rendered":"","protected":false},"excerpt":{"rendered":"","protected":false},"author":1,"featured_media":0,"parent":0,"menu_order":0,"comment_status":"closed","ping_status":"closed","template":"","meta":{"neve_meta_sidebar":"","neve_meta_container":"","neve_meta_enable_content_width":"","neve_meta_content_width":0,"neve_meta_title_alignment":"","neve_meta_author_avatar":"","neve_post_elements_order":"","neve_meta_disable_header":"","neve_meta_disable_footer":"","neve_meta_disable_title":"","footnotes":""},"class_list":["post-1202","page","type-page","status-publish","hentry"],"_links":{"self":[{"href":"https:\/\/ltva-sabaoani.ro\/index.php?rest_route=\/wp\/v2\/pages\/1202","targetHints":{"allow":["GET"]}}],"collection":[{"href":"https:\/\/ltva-sabaoani.ro\/index.php?rest_route=\/wp\/v2\/pages"}],"about":[{"href":"https:\/\/ltva-sabaoani.ro\/index.php?rest_route=\/wp\/v2\/types\/page"}],"author":[{"embeddable":true,"href":"https:\/\/ltva-sabaoani.ro\/index.php?rest_route=\/wp\/v2\/users\/1"}],"replies":[{"embeddable":true,"href":"https:\/\/ltva-sabaoani.ro\/index.php?rest_route=%2Fwp%2Fv2%2Fcomments&post=1202"}],"version-history":[{"count":1,"href":"https:\/\/ltva-sabaoani.ro\/index.php?rest_route=\/wp\/v2\/pages\/1202\/revisions"}],"predecessor-version":[{"id":1210,"href":"https:\/\/ltva-sabaoani.ro\/index.php?rest_route=\/wp\/v2\/pages\/1202\/revisions\/1210"}],"wp:attachment":[{"href":"https:\/\/ltva-sabaoani.ro\/index.php?rest_route=%2Fwp%2Fv2%2Fmedia&parent=1202"}],"curies":[{"name":"wp","href":"https:\/\/api.w.org\/{rel}","templated":true}]}}