{"id":1221,"date":"2026-02-03T11:29:00","date_gmt":"2026-02-03T11:29:00","guid":{"rendered":"https:\/\/ltva-sabaoani.ro\/?page_id=1221"},"modified":"2026-02-27T11:04:48","modified_gmt":"2026-02-27T11:04:48","slug":"parteneriate","status":"publish","type":"page","link":"https:\/\/ltva-sabaoani.ro\/?page_id=1221","title":{"rendered":"Parteneriate"},"content":{"rendered":"\t\t<div data-elementor-type=\"wp-page\" data-elementor-id=\"1221\" class=\"elementor elementor-1221\">\n\t\t\t\t\t\t\t<div class=\"elementor-element elementor-element-d53c8d2 e-con-full e-flex e-con e-parent\" data-id=\"d53c8d2\" data-element_type=\"container\" data-settings=\"{&quot;content_width&quot;:&quot;full&quot;}\" data-core-v316-plus=\"true\">\n\t\t<div class=\"elementor-element elementor-element-7f66f36 e-con-full e-flex e-con e-child\" data-id=\"7f66f36\" data-element_type=\"container\" data-settings=\"{&quot;content_width&quot;:&quot;full&quot;}\">\n\t\t\t\t<div class=\"elementor-element elementor-element-554311f elementor-widget elementor-widget-image\" data-id=\"554311f\" data-element_type=\"widget\" data-widget_type=\"image.default\">\n\t\t\t\t<div class=\"elementor-widget-container\">\n\t\t\t<style>\/*! elementor - v3.17.0 - 08-11-2023 *\/\n.elementor-widget-image{text-align:center}.elementor-widget-image a{display:inline-block}.elementor-widget-image a img[src$=\".svg\"]{width:48px}.elementor-widget-image img{vertical-align:middle;display:inline-block}<\/style>\t\t\t\t\t\t\t\t\t\t\t\t<img fetchpriority=\"high\" decoding=\"async\" width=\"724\" height=\"1024\" src=\"https:\/\/ltva-sabaoani.ro\/wp-content\/uploads\/2026\/02\/Afis_Ai-un-hobby_2026_page-0001-724x1024.jpg\" class=\"attachment-large size-large wp-image-2408\" alt=\"\" srcset=\"https:\/\/ltva-sabaoani.ro\/wp-content\/uploads\/2026\/02\/Afis_Ai-un-hobby_2026_page-0001-724x1024.jpg 724w, https:\/\/ltva-sabaoani.ro\/wp-content\/uploads\/2026\/02\/Afis_Ai-un-hobby_2026_page-0001-212x300.jpg 212w, https:\/\/ltva-sabaoani.ro\/wp-content\/uploads\/2026\/02\/Afis_Ai-un-hobby_2026_page-0001-768x1086.jpg 768w, https:\/\/ltva-sabaoani.ro\/wp-content\/uploads\/2026\/02\/Afis_Ai-un-hobby_2026_page-0001-1086x1536.jpg 1086w, https:\/\/ltva-sabaoani.ro\/wp-content\/uploads\/2026\/02\/Afis_Ai-un-hobby_2026_page-0001.jpg 1241w\" sizes=\"(max-width: 724px) 100vw, 724px\" \/>\t\t\t\t\t\t\t\t\t\t\t\t\t\t\t<\/div>\n\t\t\t\t<\/div>\n\t\t\t\t<\/div>\n\t\t<div class=\"elementor-element elementor-element-1d00b51 e-con-full e-flex e-con e-child\" data-id=\"1d00b51\" data-element_type=\"container\" data-settings=\"{&quot;content_width&quot;:&quot;full&quot;}\">\n\t\t\t\t<div class=\"elementor-element elementor-element-654e64f elementor-widget elementor-widget-heading\" data-id=\"654e64f\" data-element_type=\"widget\" data-widget_type=\"heading.default\">\n\t\t\t\t<div class=\"elementor-widget-container\">\n\t\t\t<style>\/*! elementor - v3.17.0 - 08-11-2023 *\/\n.elementor-heading-title{padding:0;margin:0;line-height:1}.elementor-widget-heading .elementor-heading-title[class*=elementor-size-]>a{color:inherit;font-size:inherit;line-height:inherit}.elementor-widget-heading .elementor-heading-title.elementor-size-small{font-size:15px}.elementor-widget-heading .elementor-heading-title.elementor-size-medium{font-size:19px}.elementor-widget-heading .elementor-heading-title.elementor-size-large{font-size:29px}.elementor-widget-heading .elementor-heading-title.elementor-size-xl{font-size:39px}.elementor-widget-heading .elementor-heading-title.elementor-size-xxl{font-size:59px}<\/style><h2 class=\"elementor-heading-title elementor-size-default\">AI UN HOBBY? HAI \u00ceN ECHIPA DE LA BIBLIOTECA NOASTR\u0102!<\/h2>\t\t<\/div>\n\t\t\t\t<\/div>\n\t\t\t\t<div class=\"elementor-element elementor-element-9b82be4 elementor-widget elementor-widget-heading\" data-id=\"9b82be4\" data-element_type=\"widget\" data-widget_type=\"heading.default\">\n\t\t\t\t<div class=\"elementor-widget-container\">\n\t\t\t<h2 class=\"elementor-heading-title elementor-size-default\">Proiectul educa\u021bional jude\u021bean de voluntariat  AI UN HOBBY? HAI \u00ceN ECHIPA DE LA BIBLIOTECA NOASTR\u0102! edi\u021bia a IV-a, februarie-aprilie 2026. Proiectul este cuprins \u00een oferta de programe de formare continu\u0103, pentru anul \u015fcolar 2025-2026, avizat\u0103 M.E.C. cu nr. 3662\/DGMCDRSIP\/07.11.2025.<\/h2>\t\t<\/div>\n\t\t\t\t<\/div>\n\t\t\t\t<div class=\"elementor-element elementor-element-dfb165e elementor-align-center elementor-widget elementor-widget-button\" data-id=\"dfb165e\" data-element_type=\"widget\" data-widget_type=\"button.default\">\n\t\t\t\t<div class=\"elementor-widget-container\">\n\t\t\t\t\t<div class=\"elementor-button-wrapper\">\n\t\t\t<a class=\"elementor-button elementor-button-link elementor-size-sm\" href=\"http:\/\/ltva-sabaoani.ro\/wp-content\/uploads\/2026\/02\/Parteneriat-LTVA-CCD-Ai-un-hobby_2026.pdf\">\n\t\t\t\t\t\t<span class=\"elementor-button-content-wrapper\">\n\t\t\t\t\t\t<span class=\"elementor-button-text\">Parteneriat educa\u021bional cu CCD Neam\u021b AI UN HOBBY? HAI \u00ceN ECHIPA DE LA BIBLIOTECA NOASTR\u0102!<\/span>\n\t\t<\/span>\n\t\t\t\t\t<\/a>\n\t\t<\/div>\n\t\t\t\t<\/div>\n\t\t\t\t<\/div>\n\t\t\t\t<\/div>\n\t\t\t\t<\/div>\n\t\t<div class=\"elementor-element elementor-element-e83e185 e-flex e-con-boxed e-con e-parent\" data-id=\"e83e185\" data-element_type=\"container\" data-settings=\"{&quot;content_width&quot;:&quot;boxed&quot;}\" data-core-v316-plus=\"true\">\n\t\t\t\t\t<div class=\"e-con-inner\">\n\t\t\t\t<div class=\"elementor-element elementor-element-cab503b elementor-widget-divider--view-line elementor-widget elementor-widget-divider\" data-id=\"cab503b\" data-element_type=\"widget\" data-widget_type=\"divider.default\">\n\t\t\t\t<div class=\"elementor-widget-container\">\n\t\t\t<style>\/*! elementor - v3.17.0 - 08-11-2023 *\/\n.elementor-widget-divider{--divider-border-style:none;--divider-border-width:1px;--divider-color:#0c0d0e;--divider-icon-size:20px;--divider-element-spacing:10px;--divider-pattern-height:24px;--divider-pattern-size:20px;--divider-pattern-url:none;--divider-pattern-repeat:repeat-x}.elementor-widget-divider .elementor-divider{display:flex}.elementor-widget-divider .elementor-divider__text{font-size:15px;line-height:1;max-width:95%}.elementor-widget-divider .elementor-divider__element{margin:0 var(--divider-element-spacing);flex-shrink:0}.elementor-widget-divider .elementor-icon{font-size:var(--divider-icon-size)}.elementor-widget-divider .elementor-divider-separator{display:flex;margin:0;direction:ltr}.elementor-widget-divider--view-line_icon .elementor-divider-separator,.elementor-widget-divider--view-line_text .elementor-divider-separator{align-items:center}.elementor-widget-divider--view-line_icon .elementor-divider-separator:after,.elementor-widget-divider--view-line_icon .elementor-divider-separator:before,.elementor-widget-divider--view-line_text .elementor-divider-separator:after,.elementor-widget-divider--view-line_text .elementor-divider-separator:before{display:block;content:\"\";border-bottom:0;flex-grow:1;border-top:var(--divider-border-width) var(--divider-border-style) var(--divider-color)}.elementor-widget-divider--element-align-left .elementor-divider .elementor-divider-separator>.elementor-divider__svg:first-of-type{flex-grow:0;flex-shrink:100}.elementor-widget-divider--element-align-left .elementor-divider-separator:before{content:none}.elementor-widget-divider--element-align-left .elementor-divider__element{margin-left:0}.elementor-widget-divider--element-align-right .elementor-divider .elementor-divider-separator>.elementor-divider__svg:last-of-type{flex-grow:0;flex-shrink:100}.elementor-widget-divider--element-align-right .elementor-divider-separator:after{content:none}.elementor-widget-divider--element-align-right .elementor-divider__element{margin-right:0}.elementor-widget-divider:not(.elementor-widget-divider--view-line_text):not(.elementor-widget-divider--view-line_icon) .elementor-divider-separator{border-top:var(--divider-border-width) var(--divider-border-style) var(--divider-color)}.elementor-widget-divider--separator-type-pattern{--divider-border-style:none}.elementor-widget-divider--separator-type-pattern.elementor-widget-divider--view-line .elementor-divider-separator,.elementor-widget-divider--separator-type-pattern:not(.elementor-widget-divider--view-line) .elementor-divider-separator:after,.elementor-widget-divider--separator-type-pattern:not(.elementor-widget-divider--view-line) .elementor-divider-separator:before,.elementor-widget-divider--separator-type-pattern:not([class*=elementor-widget-divider--view]) .elementor-divider-separator{width:100%;min-height:var(--divider-pattern-height);-webkit-mask-size:var(--divider-pattern-size) 100%;mask-size:var(--divider-pattern-size) 100%;-webkit-mask-repeat:var(--divider-pattern-repeat);mask-repeat:var(--divider-pattern-repeat);background-color:var(--divider-color);-webkit-mask-image:var(--divider-pattern-url);mask-image:var(--divider-pattern-url)}.elementor-widget-divider--no-spacing{--divider-pattern-size:auto}.elementor-widget-divider--bg-round{--divider-pattern-repeat:round}.rtl .elementor-widget-divider .elementor-divider__text{direction:rtl}.e-con-inner>.elementor-widget-divider,.e-con>.elementor-widget-divider{width:var(--container-widget-width,100%);--flex-grow:var(--container-widget-flex-grow)}<\/style>\t\t<div class=\"elementor-divider\">\n\t\t\t<span class=\"elementor-divider-separator\">\n\t\t\t\t\t\t<\/span>\n\t\t<\/div>\n\t\t\t\t<\/div>\n\t\t\t\t<\/div>\n\t\t\t\t\t<\/div>\n\t\t\t\t<\/div>\n\t\t<div class=\"elementor-element elementor-element-1de0470 e-con-full e-flex e-con e-parent\" data-id=\"1de0470\" data-element_type=\"container\" data-settings=\"{&quot;content_width&quot;:&quot;full&quot;}\" data-core-v316-plus=\"true\">\n\t\t<div class=\"elementor-element elementor-element-bb565b6 e-con-full e-flex e-con e-child\" data-id=\"bb565b6\" data-element_type=\"container\" data-settings=\"{&quot;content_width&quot;:&quot;full&quot;}\">\n\t\t\t\t<div class=\"elementor-element elementor-element-523b81a elementor-widget elementor-widget-image\" data-id=\"523b81a\" data-element_type=\"widget\" data-widget_type=\"image.default\">\n\t\t\t\t<div class=\"elementor-widget-container\">\n\t\t\t\t\t\t\t\t\t\t\t\t\t\t\t<img decoding=\"async\" width=\"724\" height=\"1024\" src=\"https:\/\/ltva-sabaoani.ro\/wp-content\/uploads\/2026\/02\/Afis_Proiect_Citeste_ca_mine.LTVA-Sabaoani_CCDdocx_page-0001-724x1024.jpg\" class=\"attachment-large size-large wp-image-2407\" alt=\"\" srcset=\"https:\/\/ltva-sabaoani.ro\/wp-content\/uploads\/2026\/02\/Afis_Proiect_Citeste_ca_mine.LTVA-Sabaoani_CCDdocx_page-0001-724x1024.jpg 724w, https:\/\/ltva-sabaoani.ro\/wp-content\/uploads\/2026\/02\/Afis_Proiect_Citeste_ca_mine.LTVA-Sabaoani_CCDdocx_page-0001-212x300.jpg 212w, https:\/\/ltva-sabaoani.ro\/wp-content\/uploads\/2026\/02\/Afis_Proiect_Citeste_ca_mine.LTVA-Sabaoani_CCDdocx_page-0001-768x1086.jpg 768w, https:\/\/ltva-sabaoani.ro\/wp-content\/uploads\/2026\/02\/Afis_Proiect_Citeste_ca_mine.LTVA-Sabaoani_CCDdocx_page-0001-1086x1536.jpg 1086w, https:\/\/ltva-sabaoani.ro\/wp-content\/uploads\/2026\/02\/Afis_Proiect_Citeste_ca_mine.LTVA-Sabaoani_CCDdocx_page-0001.jpg 1241w\" sizes=\"(max-width: 724px) 100vw, 724px\" \/>\t\t\t\t\t\t\t\t\t\t\t\t\t\t\t<\/div>\n\t\t\t\t<\/div>\n\t\t\t\t<\/div>\n\t\t<div class=\"elementor-element elementor-element-682e97d e-con-full e-flex e-con e-child\" data-id=\"682e97d\" data-element_type=\"container\" data-settings=\"{&quot;content_width&quot;:&quot;full&quot;}\">\n\t\t\t\t<div class=\"elementor-element elementor-element-d6f32e7 elementor-widget elementor-widget-heading\" data-id=\"d6f32e7\" data-element_type=\"widget\" data-widget_type=\"heading.default\">\n\t\t\t\t<div class=\"elementor-widget-container\">\n\t\t\t<h2 class=\"elementor-heading-title elementor-size-default\">Proiect de voluntariat CITE\u0218TE CA MINE!<\/h2>\t\t<\/div>\n\t\t\t\t<\/div>\n\t\t\t\t<div class=\"elementor-element elementor-element-abebeb6 elementor-widget elementor-widget-heading\" data-id=\"abebeb6\" data-element_type=\"widget\" data-widget_type=\"heading.default\">\n\t\t\t\t<div class=\"elementor-widget-container\">\n\t\t\t<h2 class=\"elementor-heading-title elementor-size-default\"><br>Proiect de voluntariat CITE\u0218TE CA MINE! Edi\u021bia a II-a, este un proiect cuprins \u00een Oferta de programe de formare continu\u0103 pentru anul \u015fcolar 2025 \u20132026, avizat\u0103 M.E.C. cu nr. 3662\/DGMCDRSIP\/07.11.2025. <br><\/h2>\t\t<\/div>\n\t\t\t\t<\/div>\n\t\t\t\t<\/div>\n\t\t\t\t<\/div>\n\t\t<div class=\"elementor-element elementor-element-0d1c214 e-flex e-con-boxed e-con e-parent\" data-id=\"0d1c214\" data-element_type=\"container\" data-settings=\"{&quot;content_width&quot;:&quot;boxed&quot;}\" data-core-v316-plus=\"true\">\n\t\t\t\t\t<div class=\"e-con-inner\">\n\t\t\t\t<div class=\"elementor-element elementor-element-ab57db2 elementor-widget-divider--view-line elementor-widget elementor-widget-divider\" data-id=\"ab57db2\" data-element_type=\"widget\" data-widget_type=\"divider.default\">\n\t\t\t\t<div class=\"elementor-widget-container\">\n\t\t\t\t\t<div class=\"elementor-divider\">\n\t\t\t<span class=\"elementor-divider-separator\">\n\t\t\t\t\t\t<\/span>\n\t\t<\/div>\n\t\t\t\t<\/div>\n\t\t\t\t<\/div>\n\t\t\t\t\t<\/div>\n\t\t\t\t<\/div>\n\t\t<div class=\"elementor-element elementor-element-c09d46d e-flex e-con-boxed e-con e-parent\" data-id=\"c09d46d\" data-element_type=\"container\" data-settings=\"{&quot;content_width&quot;:&quot;boxed&quot;}\" data-core-v316-plus=\"true\">\n\t\t\t\t\t<div class=\"e-con-inner\">\n\t\t\t\t<div class=\"elementor-element elementor-element-84e723d elementor-widget-divider--view-line elementor-widget elementor-widget-divider\" data-id=\"84e723d\" data-element_type=\"widget\" data-widget_type=\"divider.default\">\n\t\t\t\t<div class=\"elementor-widget-container\">\n\t\t\t\t\t<div class=\"elementor-divider\">\n\t\t\t<span class=\"elementor-divider-separator\">\n\t\t\t\t\t\t<\/span>\n\t\t<\/div>\n\t\t\t\t<\/div>\n\t\t\t\t<\/div>\n\t\t\t\t\t<\/div>\n\t\t\t\t<\/div>\n\t\t<div class=\"elementor-element elementor-element-12b2c8a e-con-full e-flex e-con e-parent\" data-id=\"12b2c8a\" data-element_type=\"container\" data-settings=\"{&quot;content_width&quot;:&quot;full&quot;}\" data-core-v316-plus=\"true\">\n\t\t<div class=\"elementor-element elementor-element-d9444a8 e-con-full e-flex e-con e-child\" data-id=\"d9444a8\" data-element_type=\"container\" data-settings=\"{&quot;content_width&quot;:&quot;full&quot;}\">\n\t\t\t\t<div class=\"elementor-element elementor-element-0cce3e7 elementor-widget elementor-widget-image\" data-id=\"0cce3e7\" data-element_type=\"widget\" data-widget_type=\"image.default\">\n\t\t\t\t<div class=\"elementor-widget-container\">\n\t\t\t\t\t\t\t\t\t\t\t\t\t\t\t<img decoding=\"async\" width=\"1024\" height=\"724\" src=\"https:\/\/ltva-sabaoani.ro\/wp-content\/uploads\/2026\/02\/Afis_Anul_Constantin_Brancusi_2026_page-0001-1024x724.jpg\" class=\"attachment-large size-large wp-image-2402\" alt=\"\" srcset=\"https:\/\/ltva-sabaoani.ro\/wp-content\/uploads\/2026\/02\/Afis_Anul_Constantin_Brancusi_2026_page-0001-1024x724.jpg 1024w, https:\/\/ltva-sabaoani.ro\/wp-content\/uploads\/2026\/02\/Afis_Anul_Constantin_Brancusi_2026_page-0001-300x212.jpg 300w, https:\/\/ltva-sabaoani.ro\/wp-content\/uploads\/2026\/02\/Afis_Anul_Constantin_Brancusi_2026_page-0001-768x543.jpg 768w, https:\/\/ltva-sabaoani.ro\/wp-content\/uploads\/2026\/02\/Afis_Anul_Constantin_Brancusi_2026_page-0001-1536x1086.jpg 1536w, https:\/\/ltva-sabaoani.ro\/wp-content\/uploads\/2026\/02\/Afis_Anul_Constantin_Brancusi_2026_page-0001.jpg 1755w\" sizes=\"(max-width: 1024px) 100vw, 1024px\" \/>\t\t\t\t\t\t\t\t\t\t\t\t\t\t\t<\/div>\n\t\t\t\t<\/div>\n\t\t\t\t<\/div>\n\t\t<div class=\"elementor-element elementor-element-8bf6ab3 e-con-full e-flex e-con e-child\" data-id=\"8bf6ab3\" data-element_type=\"container\" data-settings=\"{&quot;content_width&quot;:&quot;full&quot;}\">\n\t\t\t\t<div class=\"elementor-element elementor-element-e1ab154 elementor-widget elementor-widget-heading\" data-id=\"e1ab154\" data-element_type=\"widget\" data-widget_type=\"heading.default\">\n\t\t\t\t<div class=\"elementor-widget-container\">\n\t\t\t<h2 class=\"elementor-heading-title elementor-size-default\">2026 - ANUL CONSTANTIN BR\u00c2NCU\u0218I<\/h2>\t\t<\/div>\n\t\t\t\t<\/div>\n\t\t\t\t<div class=\"elementor-element elementor-element-6e6cf25 elementor-widget elementor-widget-heading\" data-id=\"6e6cf25\" data-element_type=\"widget\" data-widget_type=\"heading.default\">\n\t\t\t\t<div class=\"elementor-widget-container\">\n\t\t\t<h2 class=\"elementor-heading-title elementor-size-default\">V\u0103 invit\u0103m s\u0103 participa\u021bi la atelierele de lucru din cadrul Parteneriatului educa\u021bional cu Casa Corpului Didactic Neam\u021b \u201e2026-ANUL CONSTANTIN BR\u00c2NCU\u0218I\u201d, care se vor desf\u0103\u0219ura \u00een perioada 1-29 februarie 2026.<\/h2>\t\t<\/div>\n\t\t\t\t<\/div>\n\t\t\t\t<div class=\"elementor-element elementor-element-feadd15 elementor-align-center elementor-widget elementor-widget-button\" data-id=\"feadd15\" data-element_type=\"widget\" data-widget_type=\"button.default\">\n\t\t\t\t<div class=\"elementor-widget-container\">\n\t\t\t\t\t<div class=\"elementor-button-wrapper\">\n\t\t\t<a class=\"elementor-button elementor-button-link elementor-size-sm\" href=\"http:\/\/ltva-sabaoani.ro\/wp-content\/uploads\/2026\/02\/Parteneriat-LTVA-CCD_2026-Anul-Barncusi_compressed.pdf\">\n\t\t\t\t\t\t<span class=\"elementor-button-content-wrapper\">\n\t\t\t\t\t\t<span class=\"elementor-button-text\">Parteneriat educa\u021bional cu CCD Neam\u021b \u201e 2026-ANUL CONSTANTIN BR\u00c2NCU\u0218I\u201d<\/span>\n\t\t<\/span>\n\t\t\t\t\t<\/a>\n\t\t<\/div>\n\t\t\t\t<\/div>\n\t\t\t\t<\/div>\n\t\t\t\t<\/div>\n\t\t\t\t<\/div>\n\t\t<div class=\"elementor-element elementor-element-1c6a6b9 e-flex e-con-boxed e-con e-parent\" data-id=\"1c6a6b9\" data-element_type=\"container\" data-settings=\"{&quot;content_width&quot;:&quot;boxed&quot;}\" data-core-v316-plus=\"true\">\n\t\t\t\t\t<div class=\"e-con-inner\">\n\t\t\t\t<div class=\"elementor-element elementor-element-ba9fc6b elementor-widget-divider--view-line elementor-widget elementor-widget-divider\" data-id=\"ba9fc6b\" data-element_type=\"widget\" data-widget_type=\"divider.default\">\n\t\t\t\t<div class=\"elementor-widget-container\">\n\t\t\t\t\t<div class=\"elementor-divider\">\n\t\t\t<span class=\"elementor-divider-separator\">\n\t\t\t\t\t\t<\/span>\n\t\t<\/div>\n\t\t\t\t<\/div>\n\t\t\t\t<\/div>\n\t\t\t\t\t<\/div>\n\t\t\t\t<\/div>\n\t\t<div class=\"elementor-element elementor-element-25af7b0 e-con-full e-flex e-con e-parent\" data-id=\"25af7b0\" data-element_type=\"container\" data-settings=\"{&quot;content_width&quot;:&quot;full&quot;}\" data-core-v316-plus=\"true\">\n\t\t<div class=\"elementor-element elementor-element-5592f3e e-con-full e-flex e-con e-child\" data-id=\"5592f3e\" data-element_type=\"container\" data-settings=\"{&quot;content_width&quot;:&quot;full&quot;}\">\n\t\t\t\t<div class=\"elementor-element elementor-element-5638534 elementor-widget elementor-widget-image\" data-id=\"5638534\" data-element_type=\"widget\" data-widget_type=\"image.default\">\n\t\t\t\t<div class=\"elementor-widget-container\">\n\t\t\t\t\t\t\t\t\t\t\t\t\t\t\t<img loading=\"lazy\" decoding=\"async\" width=\"725\" height=\"1024\" src=\"https:\/\/ltva-sabaoani.ro\/wp-content\/uploads\/2026\/02\/Afis_LTVA_Luna-Internationala-a-bibliotecii_2025_page-0001-725x1024.jpg\" class=\"attachment-large size-large wp-image-2405\" alt=\"\" srcset=\"https:\/\/ltva-sabaoani.ro\/wp-content\/uploads\/2026\/02\/Afis_LTVA_Luna-Internationala-a-bibliotecii_2025_page-0001-725x1024.jpg 725w, https:\/\/ltva-sabaoani.ro\/wp-content\/uploads\/2026\/02\/Afis_LTVA_Luna-Internationala-a-bibliotecii_2025_page-0001-212x300.jpg 212w, https:\/\/ltva-sabaoani.ro\/wp-content\/uploads\/2026\/02\/Afis_LTVA_Luna-Internationala-a-bibliotecii_2025_page-0001-768x1085.jpg 768w, https:\/\/ltva-sabaoani.ro\/wp-content\/uploads\/2026\/02\/Afis_LTVA_Luna-Internationala-a-bibliotecii_2025_page-0001-1087x1536.jpg 1087w, https:\/\/ltva-sabaoani.ro\/wp-content\/uploads\/2026\/02\/Afis_LTVA_Luna-Internationala-a-bibliotecii_2025_page-0001.jpg 1241w\" sizes=\"(max-width: 725px) 100vw, 725px\" \/>\t\t\t\t\t\t\t\t\t\t\t\t\t\t\t<\/div>\n\t\t\t\t<\/div>\n\t\t\t\t<\/div>\n\t\t<div class=\"elementor-element elementor-element-47ac358 e-con-full e-flex e-con e-child\" data-id=\"47ac358\" data-element_type=\"container\" data-settings=\"{&quot;content_width&quot;:&quot;full&quot;}\">\n\t\t\t\t<div class=\"elementor-element elementor-element-2c51f29 elementor-widget elementor-widget-heading\" data-id=\"2c51f29\" data-element_type=\"widget\" data-widget_type=\"heading.default\">\n\t\t\t\t<div class=\"elementor-widget-container\">\n\t\t\t<h2 class=\"elementor-heading-title elementor-size-default\"><br>Luna interna\u021bional\u0103 a bibliotecilor \u0219colare<br><\/h2>\t\t<\/div>\n\t\t\t\t<\/div>\n\t\t\t\t<div class=\"elementor-element elementor-element-561d0b1 elementor-align-center elementor-widget elementor-widget-button\" data-id=\"561d0b1\" data-element_type=\"widget\" data-widget_type=\"button.default\">\n\t\t\t\t<div class=\"elementor-widget-container\">\n\t\t\t\t\t<div class=\"elementor-button-wrapper\">\n\t\t\t<a class=\"elementor-button elementor-button-link elementor-size-sm\" href=\"http:\/\/ltva-sabaoani.ro\/wp-content\/uploads\/2026\/02\/Parteneriat_Luna-bibliotecilor_LTVA_Sabaoani.pdf\">\n\t\t\t\t\t\t<span class=\"elementor-button-content-wrapper\">\n\t\t\t\t\t\t<span class=\"elementor-button-text\">Parteneriat educa\u021bional cu CCD Neam\u021b \u201eLuna interna\u021bional\u0103 a bibliotecilor \u0219colare\u201d<\/span>\n\t\t<\/span>\n\t\t\t\t\t<\/a>\n\t\t<\/div>\n\t\t\t\t<\/div>\n\t\t\t\t<\/div>\n\t\t\t\t<\/div>\n\t\t\t\t<\/div>\n\t\t\t\t\t\t\t<\/div>\n\t\t","protected":false},"excerpt":{"rendered":"<p>AI UN HOBBY? HAI \u00ceN ECHIPA DE LA BIBLIOTECA NOASTR\u0102! Proiectul educa\u021bional jude\u021bean de voluntariat AI UN HOBBY? HAI \u00ceN ECHIPA DE LA BIBLIOTECA NOASTR\u0102! edi\u021bia a IV-a, februarie-aprilie 2026. Proiectul este cuprins \u00een oferta de programe de formare continu\u0103, pentru anul \u015fcolar 2025-2026, avizat\u0103 M.E.C. cu nr. 3662\/DGMCDRSIP\/07.11.2025. Parteneriat educa\u021bional cu CCD Neam\u021b AI&hellip;&nbsp;<a href=\"https:\/\/ltva-sabaoani.ro\/?page_id=1221\" class=\"\" rel=\"bookmark\">Cite\u0219te mai mult &raquo;<span class=\"screen-reader-text\">Parteneriate<\/span><\/a><\/p>\n","protected":false},"author":1,"featured_media":0,"parent":0,"menu_order":0,"comment_status":"closed","ping_status":"closed","template":"page-templates\/template-pagebuilder-full-width.php","meta":{"neve_meta_sidebar":"","neve_meta_container":"","neve_meta_enable_content_width":"","neve_meta_content_width":0,"neve_meta_title_alignment":"","neve_meta_author_avatar":"","neve_post_elements_order":"","neve_meta_disable_header":"","neve_meta_disable_footer":"","neve_meta_disable_title":"","footnotes":""},"class_list":["post-1221","page","type-page","status-publish","hentry"],"_links":{"self":[{"href":"https:\/\/ltva-sabaoani.ro\/index.php?rest_route=\/wp\/v2\/pages\/1221","targetHints":{"allow":["GET"]}}],"collection":[{"href":"https:\/\/ltva-sabaoani.ro\/index.php?rest_route=\/wp\/v2\/pages"}],"about":[{"href":"https:\/\/ltva-sabaoani.ro\/index.php?rest_route=\/wp\/v2\/types\/page"}],"author":[{"embeddable":true,"href":"https:\/\/ltva-sabaoani.ro\/index.php?rest_route=\/wp\/v2\/users\/1"}],"replies":[{"embeddable":true,"href":"https:\/\/ltva-sabaoani.ro\/index.php?rest_route=%2Fwp%2Fv2%2Fcomments&post=1221"}],"version-history":[{"count":65,"href":"https:\/\/ltva-sabaoani.ro\/index.php?rest_route=\/wp\/v2\/pages\/1221\/revisions"}],"predecessor-version":[{"id":2605,"href":"https:\/\/ltva-sabaoani.ro\/index.php?rest_route=\/wp\/v2\/pages\/1221\/revisions\/2605"}],"wp:attachment":[{"href":"https:\/\/ltva-sabaoani.ro\/index.php?rest_route=%2Fwp%2Fv2%2Fmedia&parent=1221"}],"curies":[{"name":"wp","href":"https:\/\/api.w.org\/{rel}","templated":true}]}}