{"id":1234,"date":"2026-02-03T11:33:58","date_gmt":"2026-02-03T11:33:58","guid":{"rendered":"https:\/\/ltva-sabaoani.ro\/?page_id=1234"},"modified":"2026-02-26T11:36:17","modified_gmt":"2026-02-26T11:36:17","slug":"transport-elevi","status":"publish","type":"page","link":"https:\/\/ltva-sabaoani.ro\/?page_id=1234","title":{"rendered":"Transport elevi"},"content":{"rendered":"\t\t<div data-elementor-type=\"wp-page\" data-elementor-id=\"1234\" class=\"elementor elementor-1234\">\n\t\t\t\t\t\t\t<div class=\"elementor-element elementor-element-df5fd65 e-con-full e-flex e-con e-parent\" data-id=\"df5fd65\" data-element_type=\"container\" data-settings=\"{&quot;content_width&quot;:&quot;full&quot;}\" data-core-v316-plus=\"true\">\n\t\t<div class=\"elementor-element elementor-element-b1471e0 e-con-full e-flex e-con e-child\" data-id=\"b1471e0\" data-element_type=\"container\" data-settings=\"{&quot;content_width&quot;:&quot;full&quot;}\">\n\t\t\t\t<div class=\"elementor-element elementor-element-300d476 elementor-widget elementor-widget-image\" data-id=\"300d476\" data-element_type=\"widget\" data-widget_type=\"image.default\">\n\t\t\t\t<div class=\"elementor-widget-container\">\n\t\t\t<style>\/*! elementor - v3.17.0 - 08-11-2023 *\/\n.elementor-widget-image{text-align:center}.elementor-widget-image a{display:inline-block}.elementor-widget-image a img[src$=\".svg\"]{width:48px}.elementor-widget-image img{vertical-align:middle;display:inline-block}<\/style>\t\t\t\t\t\t\t\t\t\t\t\t<img fetchpriority=\"high\" decoding=\"async\" width=\"1024\" height=\"1024\" src=\"https:\/\/ltva-sabaoani.ro\/wp-content\/uploads\/2025\/04\/Noutati-legislative-LTVA-Sabaoani1-1024x1024.png\" class=\"attachment-large size-large wp-image-812\" alt=\"\" srcset=\"https:\/\/ltva-sabaoani.ro\/wp-content\/uploads\/2025\/04\/Noutati-legislative-LTVA-Sabaoani1-1024x1024.png 1024w, https:\/\/ltva-sabaoani.ro\/wp-content\/uploads\/2025\/04\/Noutati-legislative-LTVA-Sabaoani1-300x300.png 300w, https:\/\/ltva-sabaoani.ro\/wp-content\/uploads\/2025\/04\/Noutati-legislative-LTVA-Sabaoani1-150x150.png 150w, https:\/\/ltva-sabaoani.ro\/wp-content\/uploads\/2025\/04\/Noutati-legislative-LTVA-Sabaoani1-768x768.png 768w, https:\/\/ltva-sabaoani.ro\/wp-content\/uploads\/2025\/04\/Noutati-legislative-LTVA-Sabaoani1.png 1080w\" sizes=\"(max-width: 1024px) 100vw, 1024px\" \/>\t\t\t\t\t\t\t\t\t\t\t\t\t\t\t<\/div>\n\t\t\t\t<\/div>\n\t\t\t\t<\/div>\n\t\t<div class=\"elementor-element elementor-element-825bb3e e-con-full e-flex e-con e-child\" data-id=\"825bb3e\" data-element_type=\"container\" data-settings=\"{&quot;content_width&quot;:&quot;full&quot;}\">\n\t\t\t\t<div class=\"elementor-element elementor-element-c981d65 elementor-widget elementor-widget-heading\" data-id=\"c981d65\" data-element_type=\"widget\" data-widget_type=\"heading.default\">\n\t\t\t\t<div class=\"elementor-widget-container\">\n\t\t\t<style>\/*! elementor - v3.17.0 - 08-11-2023 *\/\n.elementor-heading-title{padding:0;margin:0;line-height:1}.elementor-widget-heading .elementor-heading-title[class*=elementor-size-]>a{color:inherit;font-size:inherit;line-height:inherit}.elementor-widget-heading .elementor-heading-title.elementor-size-small{font-size:15px}.elementor-widget-heading .elementor-heading-title.elementor-size-medium{font-size:19px}.elementor-widget-heading .elementor-heading-title.elementor-size-large{font-size:29px}.elementor-widget-heading .elementor-heading-title.elementor-size-xl{font-size:39px}.elementor-widget-heading .elementor-heading-title.elementor-size-xxl{font-size:59px}<\/style><h2 class=\"elementor-heading-title elementor-size-xl\">Acte normative pentru aprobarea normelor metodologice privind acordarea facilit\u0103\u0163ilor de transport pentru elevi<br><\/h2>\t\t<\/div>\n\t\t\t\t<\/div>\n\t\t\t\t<div class=\"elementor-element elementor-element-257daba elementor-align-center elementor-widget elementor-widget-button\" data-id=\"257daba\" data-element_type=\"widget\" data-widget_type=\"button.default\">\n\t\t\t\t<div class=\"elementor-widget-container\">\n\t\t\t\t\t<div class=\"elementor-button-wrapper\">\n\t\t\t<a class=\"elementor-button elementor-button-link elementor-size-sm\" href=\"http:\/\/ltva-sabaoani.ro\/wp-content\/uploads\/2026\/02\/HOTARARE-nr.-810-din-8-septembrie-2023.pdf\">\n\t\t\t\t\t\t<span class=\"elementor-button-content-wrapper\">\n\t\t\t\t\t\t<span class=\"elementor-button-text\">Hot\u0103r\u00e2re nr. 810\/08.09.2023<\/span>\n\t\t<\/span>\n\t\t\t\t\t<\/a>\n\t\t<\/div>\n\t\t\t\t<\/div>\n\t\t\t\t<\/div>\n\t\t\t\t<div class=\"elementor-element elementor-element-f4e789d elementor-align-center elementor-widget elementor-widget-button\" data-id=\"f4e789d\" data-element_type=\"widget\" data-widget_type=\"button.default\">\n\t\t\t\t<div class=\"elementor-widget-container\">\n\t\t\t\t\t<div class=\"elementor-button-wrapper\">\n\t\t\t<a class=\"elementor-button elementor-button-link elementor-size-sm\" href=\"https:\/\/legislatie.just.ro\/public\/DetaliiDocument\/277850\">\n\t\t\t\t\t\t<span class=\"elementor-button-content-wrapper\">\n\t\t\t\t\t\t<span class=\"elementor-button-text\">Hot\u0103r\u00e2re nr. 1337\/29 decembrie 2023<\/span>\n\t\t<\/span>\n\t\t\t\t\t<\/a>\n\t\t<\/div>\n\t\t\t\t<\/div>\n\t\t\t\t<\/div>\n\t\t\t\t<\/div>\n\t\t\t\t<\/div>\n\t\t\t\t\t\t\t<\/div>\n\t\t","protected":false},"excerpt":{"rendered":"<p>Acte normative pentru aprobarea normelor metodologice privind acordarea facilit\u0103\u0163ilor de transport pentru elevi Hot\u0103r\u00e2re nr. 810\/08.09.2023 Hot\u0103r\u00e2re nr. 1337\/29 decembrie 2023<\/p>\n","protected":false},"author":1,"featured_media":0,"parent":0,"menu_order":0,"comment_status":"closed","ping_status":"closed","template":"page-templates\/template-pagebuilder-full-width.php","meta":{"neve_meta_sidebar":"","neve_meta_container":"","neve_meta_enable_content_width":"","neve_meta_content_width":0,"neve_meta_title_alignment":"","neve_meta_author_avatar":"","neve_post_elements_order":"","neve_meta_disable_header":"","neve_meta_disable_footer":"","neve_meta_disable_title":"","footnotes":""},"class_list":["post-1234","page","type-page","status-publish","hentry"],"_links":{"self":[{"href":"https:\/\/ltva-sabaoani.ro\/index.php?rest_route=\/wp\/v2\/pages\/1234","targetHints":{"allow":["GET"]}}],"collection":[{"href":"https:\/\/ltva-sabaoani.ro\/index.php?rest_route=\/wp\/v2\/pages"}],"about":[{"href":"https:\/\/ltva-sabaoani.ro\/index.php?rest_route=\/wp\/v2\/types\/page"}],"author":[{"embeddable":true,"href":"https:\/\/ltva-sabaoani.ro\/index.php?rest_route=\/wp\/v2\/users\/1"}],"replies":[{"embeddable":true,"href":"https:\/\/ltva-sabaoani.ro\/index.php?rest_route=%2Fwp%2Fv2%2Fcomments&post=1234"}],"version-history":[{"count":22,"href":"https:\/\/ltva-sabaoani.ro\/index.php?rest_route=\/wp\/v2\/pages\/1234\/revisions"}],"predecessor-version":[{"id":2225,"href":"https:\/\/ltva-sabaoani.ro\/index.php?rest_route=\/wp\/v2\/pages\/1234\/revisions\/2225"}],"wp:attachment":[{"href":"https:\/\/ltva-sabaoani.ro\/index.php?rest_route=%2Fwp%2Fv2%2Fmedia&parent=1234"}],"curies":[{"name":"wp","href":"https:\/\/api.w.org\/{rel}","templated":true}]}}