{"id":340,"date":"2023-12-10T20:04:29","date_gmt":"2023-12-10T20:04:29","guid":{"rendered":"https:\/\/ltva-sabaoani.ro\/?page_id=340"},"modified":"2026-02-24T08:21:52","modified_gmt":"2026-02-24T08:21:52","slug":"orare","status":"publish","type":"page","link":"https:\/\/ltva-sabaoani.ro\/?page_id=340","title":{"rendered":"Orare"},"content":{"rendered":"\t\t<div data-elementor-type=\"wp-page\" data-elementor-id=\"340\" class=\"elementor elementor-340\">\n\t\t\t\t\t\t\t<div class=\"elementor-element elementor-element-92ae391 e-flex e-con-boxed e-con e-parent\" data-id=\"92ae391\" data-element_type=\"container\" data-settings=\"{&quot;content_width&quot;:&quot;boxed&quot;}\" data-core-v316-plus=\"true\">\n\t\t\t\t\t<div class=\"e-con-inner\">\n\t\t<div class=\"elementor-element elementor-element-8023fb5 e-con-full e-flex e-con e-child\" data-id=\"8023fb5\" data-element_type=\"container\" data-settings=\"{&quot;content_width&quot;:&quot;full&quot;}\">\n\t\t\t\t<div class=\"elementor-element elementor-element-f75bf19 elementor-widget elementor-widget-image\" data-id=\"f75bf19\" data-element_type=\"widget\" data-widget_type=\"image.default\">\n\t\t\t\t<div class=\"elementor-widget-container\">\n\t\t\t<style>\/*! elementor - v3.17.0 - 08-11-2023 *\/\n.elementor-widget-image{text-align:center}.elementor-widget-image a{display:inline-block}.elementor-widget-image a img[src$=\".svg\"]{width:48px}.elementor-widget-image img{vertical-align:middle;display:inline-block}<\/style>\t\t\t\t\t\t\t\t\t\t\t\t<img fetchpriority=\"high\" decoding=\"async\" width=\"300\" height=\"300\" src=\"https:\/\/ltva-sabaoani.ro\/wp-content\/uploads\/2024\/11\/Orare-LTVA-Sabaoani-300x300.png\" class=\"attachment-medium size-medium wp-image-678\" alt=\"\" srcset=\"https:\/\/ltva-sabaoani.ro\/wp-content\/uploads\/2024\/11\/Orare-LTVA-Sabaoani-300x300.png 300w, https:\/\/ltva-sabaoani.ro\/wp-content\/uploads\/2024\/11\/Orare-LTVA-Sabaoani-1024x1024.png 1024w, https:\/\/ltva-sabaoani.ro\/wp-content\/uploads\/2024\/11\/Orare-LTVA-Sabaoani-150x150.png 150w, https:\/\/ltva-sabaoani.ro\/wp-content\/uploads\/2024\/11\/Orare-LTVA-Sabaoani-768x768.png 768w, https:\/\/ltva-sabaoani.ro\/wp-content\/uploads\/2024\/11\/Orare-LTVA-Sabaoani.png 1080w\" sizes=\"(max-width: 300px) 100vw, 300px\" \/>\t\t\t\t\t\t\t\t\t\t\t\t\t\t\t<\/div>\n\t\t\t\t<\/div>\n\t\t\t\t<\/div>\n\t\t<div class=\"elementor-element elementor-element-73abd4c e-con-full e-flex e-con e-child\" data-id=\"73abd4c\" data-element_type=\"container\" data-settings=\"{&quot;content_width&quot;:&quot;full&quot;}\">\n\t\t<div class=\"elementor-element elementor-element-eda69e3 e-flex e-con-boxed e-con e-child\" data-id=\"eda69e3\" data-element_type=\"container\" data-settings=\"{&quot;content_width&quot;:&quot;boxed&quot;}\">\n\t\t\t\t\t<div class=\"e-con-inner\">\n\t\t\t\t<div class=\"elementor-element elementor-element-11b7705 elementor-widget elementor-widget-heading\" data-id=\"11b7705\" data-element_type=\"widget\" data-widget_type=\"heading.default\">\n\t\t\t\t<div class=\"elementor-widget-container\">\n\t\t\t<style>\/*! elementor - v3.17.0 - 08-11-2023 *\/\n.elementor-heading-title{padding:0;margin:0;line-height:1}.elementor-widget-heading .elementor-heading-title[class*=elementor-size-]>a{color:inherit;font-size:inherit;line-height:inherit}.elementor-widget-heading .elementor-heading-title.elementor-size-small{font-size:15px}.elementor-widget-heading .elementor-heading-title.elementor-size-medium{font-size:19px}.elementor-widget-heading .elementor-heading-title.elementor-size-large{font-size:29px}.elementor-widget-heading .elementor-heading-title.elementor-size-xl{font-size:39px}.elementor-widget-heading .elementor-heading-title.elementor-size-xxl{font-size:59px}<\/style><h2 class=\"elementor-heading-title elementor-size-default\">Afl\u0103 c\u00e2nd \u0219i unde trebuie s\u0103 fii<\/h2>\t\t<\/div>\n\t\t\t\t<\/div>\n\t\t\t\t\t<\/div>\n\t\t\t\t<\/div>\n\t\t<div class=\"elementor-element elementor-element-2df6716 e-flex e-con-boxed e-con e-child\" data-id=\"2df6716\" data-element_type=\"container\" data-settings=\"{&quot;content_width&quot;:&quot;boxed&quot;}\">\n\t\t\t\t\t<div class=\"e-con-inner\">\n\t\t\t\t<div class=\"elementor-element elementor-element-ce7c8f3 elementor-widget elementor-widget-text-editor\" data-id=\"ce7c8f3\" data-element_type=\"widget\" data-widget_type=\"text-editor.default\">\n\t\t\t\t<div class=\"elementor-widget-container\">\n\t\t\t<style>\/*! elementor - v3.17.0 - 08-11-2023 *\/\n.elementor-widget-text-editor.elementor-drop-cap-view-stacked .elementor-drop-cap{background-color:#69727d;color:#fff}.elementor-widget-text-editor.elementor-drop-cap-view-framed .elementor-drop-cap{color:#69727d;border:3px solid;background-color:transparent}.elementor-widget-text-editor:not(.elementor-drop-cap-view-default) .elementor-drop-cap{margin-top:8px}.elementor-widget-text-editor:not(.elementor-drop-cap-view-default) .elementor-drop-cap-letter{width:1em;height:1em}.elementor-widget-text-editor .elementor-drop-cap{float:left;text-align:center;line-height:1;font-size:50px}.elementor-widget-text-editor .elementor-drop-cap-letter{display:inline-block}<\/style>\t\t\t\t<p>Fie c\u0103 e\u0219ti elev, p\u0103rinte sau profesor \u0219i vrei s\u0103 aii acces rapid la ORARE le po\u021bi g\u0103si \u00een linkurile de mai jos.<\/p>\t\t\t\t\t\t<\/div>\n\t\t\t\t<\/div>\n\t\t\t\t<div class=\"elementor-element elementor-element-5dd6fc8 elementor-widget elementor-widget-button\" data-id=\"5dd6fc8\" data-element_type=\"widget\" data-widget_type=\"button.default\">\n\t\t\t\t<div class=\"elementor-widget-container\">\n\t\t\t\t\t<div class=\"elementor-button-wrapper\">\n\t\t\t<a class=\"elementor-button elementor-button-link elementor-size-sm\" href=\"http:\/\/ltva-sabaoani.ro\/wp-content\/uploads\/2025\/01\/Orar_-cadre-didactice-2024-2025.pdf\">\n\t\t\t\t\t\t<span class=\"elementor-button-content-wrapper\">\n\t\t\t\t\t\t<span class=\"elementor-button-text\">Orar cadre didactice<\/span>\n\t\t<\/span>\n\t\t\t\t\t<\/a>\n\t\t<\/div>\n\t\t\t\t<\/div>\n\t\t\t\t<\/div>\n\t\t\t\t<div class=\"elementor-element elementor-element-80fff1f elementor-widget elementor-widget-button\" data-id=\"80fff1f\" data-element_type=\"widget\" data-widget_type=\"button.default\">\n\t\t\t\t<div class=\"elementor-widget-container\">\n\t\t\t\t\t<div class=\"elementor-button-wrapper\">\n\t\t\t<a class=\"elementor-button elementor-button-link elementor-size-sm\" href=\"http:\/\/ltva-sabaoani.ro\/wp-content\/uploads\/2024\/11\/Orar-primar_2024-2025.pdf\">\n\t\t\t\t\t\t<span class=\"elementor-button-content-wrapper\">\n\t\t\t\t\t\t<span class=\"elementor-button-text\">Orare \u00eenv\u0103\u021b\u0103m\u00e2nt pimar<\/span>\n\t\t<\/span>\n\t\t\t\t\t<\/a>\n\t\t<\/div>\n\t\t\t\t<\/div>\n\t\t\t\t<\/div>\n\t\t\t\t<div class=\"elementor-element elementor-element-ddee3bd elementor-widget elementor-widget-button\" data-id=\"ddee3bd\" data-element_type=\"widget\" data-widget_type=\"button.default\">\n\t\t\t\t<div class=\"elementor-widget-container\">\n\t\t\t\t\t<div class=\"elementor-button-wrapper\">\n\t\t\t<a class=\"elementor-button elementor-button-link elementor-size-sm\" href=\"http:\/\/ltva-sabaoani.ro\/wp-content\/uploads\/2024\/11\/Orar-gimnaziu_2024-2025.pdf\">\n\t\t\t\t\t\t<span class=\"elementor-button-content-wrapper\">\n\t\t\t\t\t\t<span class=\"elementor-button-text\">Orare \u00eenv\u0103\u021b\u0103m\u00e2nt gimnazial<\/span>\n\t\t<\/span>\n\t\t\t\t\t<\/a>\n\t\t<\/div>\n\t\t\t\t<\/div>\n\t\t\t\t<\/div>\n\t\t\t\t<div class=\"elementor-element elementor-element-439bf9e elementor-widget elementor-widget-button\" data-id=\"439bf9e\" data-element_type=\"widget\" data-widget_type=\"button.default\">\n\t\t\t\t<div class=\"elementor-widget-container\">\n\t\t\t\t\t<div class=\"elementor-button-wrapper\">\n\t\t\t<a class=\"elementor-button elementor-button-link elementor-size-sm\" href=\"http:\/\/ltva-sabaoani.ro\/wp-content\/uploads\/2024\/11\/Orar-liceu_2024-2025.pdf\">\n\t\t\t\t\t\t<span class=\"elementor-button-content-wrapper\">\n\t\t\t\t\t\t<span class=\"elementor-button-text\">Orare \u00eenv\u0103\u021b\u0103m\u00e2nt liceal<\/span>\n\t\t<\/span>\n\t\t\t\t\t<\/a>\n\t\t<\/div>\n\t\t\t\t<\/div>\n\t\t\t\t<\/div>\n\t\t\t\t\t<\/div>\n\t\t\t\t<\/div>\n\t\t\t\t<\/div>\n\t\t\t\t\t<\/div>\n\t\t\t\t<\/div>\n\t\t\t\t\t\t\t<\/div>\n\t\t","protected":false},"excerpt":{"rendered":"<p>Afl\u0103 c\u00e2nd \u0219i unde trebuie s\u0103 fii Fie c\u0103 e\u0219ti elev, p\u0103rinte sau profesor \u0219i vrei s\u0103 aii acces rapid la ORARE le po\u021bi g\u0103si \u00een linkurile de mai jos. Orar cadre didactice Orare \u00eenv\u0103\u021b\u0103m\u00e2nt pimar Orare \u00eenv\u0103\u021b\u0103m\u00e2nt gimnazial Orare \u00eenv\u0103\u021b\u0103m\u00e2nt liceal<\/p>\n","protected":false},"author":1,"featured_media":0,"parent":0,"menu_order":0,"comment_status":"closed","ping_status":"closed","template":"page-templates\/template-pagebuilder-full-width.php","meta":{"neve_meta_sidebar":"","neve_meta_container":"","neve_meta_enable_content_width":"","neve_meta_content_width":0,"neve_meta_title_alignment":"","neve_meta_author_avatar":"","neve_post_elements_order":"","neve_meta_disable_header":"","neve_meta_disable_footer":"","neve_meta_disable_title":"","footnotes":""},"class_list":["post-340","page","type-page","status-publish","hentry"],"_links":{"self":[{"href":"https:\/\/ltva-sabaoani.ro\/index.php?rest_route=\/wp\/v2\/pages\/340","targetHints":{"allow":["GET"]}}],"collection":[{"href":"https:\/\/ltva-sabaoani.ro\/index.php?rest_route=\/wp\/v2\/pages"}],"about":[{"href":"https:\/\/ltva-sabaoani.ro\/index.php?rest_route=\/wp\/v2\/types\/page"}],"author":[{"embeddable":true,"href":"https:\/\/ltva-sabaoani.ro\/index.php?rest_route=\/wp\/v2\/users\/1"}],"replies":[{"embeddable":true,"href":"https:\/\/ltva-sabaoani.ro\/index.php?rest_route=%2Fwp%2Fv2%2Fcomments&post=340"}],"version-history":[{"count":28,"href":"https:\/\/ltva-sabaoani.ro\/index.php?rest_route=\/wp\/v2\/pages\/340\/revisions"}],"predecessor-version":[{"id":1744,"href":"https:\/\/ltva-sabaoani.ro\/index.php?rest_route=\/wp\/v2\/pages\/340\/revisions\/1744"}],"wp:attachment":[{"href":"https:\/\/ltva-sabaoani.ro\/index.php?rest_route=%2Fwp%2Fv2%2Fmedia&parent=340"}],"curies":[{"name":"wp","href":"https:\/\/api.w.org\/{rel}","templated":true}]}}