{"id":47,"date":"2023-11-27T20:14:28","date_gmt":"2023-11-27T20:14:28","guid":{"rendered":"https:\/\/ltva-sabaoani.ro\/?page_id=47"},"modified":"2026-02-03T07:25:49","modified_gmt":"2026-02-03T07:25:49","slug":"our-story","status":"publish","type":"page","link":"https:\/\/ltva-sabaoani.ro\/?page_id=47","title":{"rendered":"Our Story"},"content":{"rendered":"\t\t<div data-elementor-type=\"wp-page\" data-elementor-id=\"47\" class=\"elementor elementor-47\">\n\t\t\t\t\t\t\t<div class=\"elementor-element elementor-element-47a8853c e-con-full e-flex e-con e-parent\" data-id=\"47a8853c\" data-element_type=\"container\" data-settings=\"{&quot;content_width&quot;:&quot;full&quot;}\" data-core-v316-plus=\"true\">\n\t\t<div class=\"elementor-element elementor-element-17565af1 e-con-full e-flex e-con e-child\" data-id=\"17565af1\" data-element_type=\"container\" data-settings=\"{&quot;background_background&quot;:&quot;classic&quot;,&quot;content_width&quot;:&quot;full&quot;}\">\n\t\t\t\t<div class=\"elementor-element elementor-element-fdda723 elementor-widget elementor-widget-image\" data-id=\"fdda723\" data-element_type=\"widget\" data-widget_type=\"image.default\">\n\t\t\t\t<div class=\"elementor-widget-container\">\n\t\t\t<style>\/*! elementor - v3.17.0 - 08-11-2023 *\/\n.elementor-widget-image{text-align:center}.elementor-widget-image a{display:inline-block}.elementor-widget-image a img[src$=\".svg\"]{width:48px}.elementor-widget-image img{vertical-align:middle;display:inline-block}<\/style>\t\t\t\t\t\t\t\t\t\t\t\t<img fetchpriority=\"high\" decoding=\"async\" width=\"1024\" height=\"1024\" src=\"https:\/\/ltva-sabaoani.ro\/wp-content\/uploads\/2023\/12\/Despre-noi-LTVA-Sabaoani-1024x1024.jpg\" class=\"attachment-large size-large wp-image-228\" alt=\"Despre noi - LTVA Sabaoani\" srcset=\"https:\/\/ltva-sabaoani.ro\/wp-content\/uploads\/2023\/12\/Despre-noi-LTVA-Sabaoani-1024x1024.jpg 1024w, https:\/\/ltva-sabaoani.ro\/wp-content\/uploads\/2023\/12\/Despre-noi-LTVA-Sabaoani-300x300.jpg 300w, https:\/\/ltva-sabaoani.ro\/wp-content\/uploads\/2023\/12\/Despre-noi-LTVA-Sabaoani-150x150.jpg 150w, https:\/\/ltva-sabaoani.ro\/wp-content\/uploads\/2023\/12\/Despre-noi-LTVA-Sabaoani-768x768.jpg 768w, https:\/\/ltva-sabaoani.ro\/wp-content\/uploads\/2023\/12\/Despre-noi-LTVA-Sabaoani.jpg 1080w\" sizes=\"(max-width: 1024px) 100vw, 1024px\" \/>\t\t\t\t\t\t\t\t\t\t\t\t\t\t\t<\/div>\n\t\t\t\t<\/div>\n\t\t\t\t<\/div>\n\t\t<div class=\"elementor-element elementor-element-8734fb e-con-full e-flex e-con e-child\" data-id=\"8734fb\" data-element_type=\"container\" data-settings=\"{&quot;content_width&quot;:&quot;full&quot;}\">\n\t\t\t\t<div class=\"elementor-element elementor-element-12836e92 elementor-widget elementor-widget-heading\" data-id=\"12836e92\" data-element_type=\"widget\" data-widget_type=\"heading.default\">\n\t\t\t\t<div class=\"elementor-widget-container\">\n\t\t\t<style>\/*! elementor - v3.17.0 - 08-11-2023 *\/\n.elementor-heading-title{padding:0;margin:0;line-height:1}.elementor-widget-heading .elementor-heading-title[class*=elementor-size-]>a{color:inherit;font-size:inherit;line-height:inherit}.elementor-widget-heading .elementor-heading-title.elementor-size-small{font-size:15px}.elementor-widget-heading .elementor-heading-title.elementor-size-medium{font-size:19px}.elementor-widget-heading .elementor-heading-title.elementor-size-large{font-size:29px}.elementor-widget-heading .elementor-heading-title.elementor-size-xl{font-size:39px}.elementor-widget-heading .elementor-heading-title.elementor-size-xxl{font-size:59px}<\/style><h6 class=\"elementor-heading-title elementor-size-default\">Cine suntem noi<\/h6>\t\t<\/div>\n\t\t\t\t<\/div>\n\t\t\t\t<div class=\"elementor-element elementor-element-3fd0410 elementor-widget elementor-widget-heading\" data-id=\"3fd0410\" data-element_type=\"widget\" data-widget_type=\"heading.default\">\n\t\t\t\t<div class=\"elementor-widget-container\">\n\t\t\t<h1 class=\"elementor-heading-title elementor-size-default\">\u201dAlecsandri\u0219tii\u201d?<\/h1>\t\t<\/div>\n\t\t\t\t<\/div>\n\t\t\t\t<div class=\"elementor-element elementor-element-662ba29b elementor-invisible elementor-widget elementor-widget-text-editor\" data-id=\"662ba29b\" data-element_type=\"widget\" data-settings=\"{&quot;_animation&quot;:&quot;fadeIn&quot;,&quot;_animation_delay&quot;:400}\" data-widget_type=\"text-editor.default\">\n\t\t\t\t<div class=\"elementor-widget-container\">\n\t\t\t<style>\/*! elementor - v3.17.0 - 08-11-2023 *\/\n.elementor-widget-text-editor.elementor-drop-cap-view-stacked .elementor-drop-cap{background-color:#69727d;color:#fff}.elementor-widget-text-editor.elementor-drop-cap-view-framed .elementor-drop-cap{color:#69727d;border:3px solid;background-color:transparent}.elementor-widget-text-editor:not(.elementor-drop-cap-view-default) .elementor-drop-cap{margin-top:8px}.elementor-widget-text-editor:not(.elementor-drop-cap-view-default) .elementor-drop-cap-letter{width:1em;height:1em}.elementor-widget-text-editor .elementor-drop-cap{float:left;text-align:center;line-height:1;font-size:50px}.elementor-widget-text-editor .elementor-drop-cap-letter{display:inline-block}<\/style>\t\t\t\t<p>O \u00eentrebare fireasc\u0103, o c\u0103utare permanent\u0103 de r\u0103spunsuri, de sensuri.\u00a0<\/p><p>Dincolo de rezultatele, de premiile ob\u021binute de-a lungul anilor, noi suntem o comunitate: copii, p\u0103rin\u021bi, personal didactic \u0219i nedidactic, autorit\u0103\u021bi locale \u0219.a.\u00a0<\/p><p>Cu alte cuvinte, suntem to\u021bi cei care, \u00eempreun\u0103, avem un obiectiv comun \u0219i anume acela de a crea cet\u0103\u021beni responsabili ai planetei.<\/p><p>\u00centr-o lume \u00een care grani\u021bele devin istorie, \u00een care tehnologia aplatizeaz\u0103 culturi, noi \u00eencerc\u0103m s\u0103 ne p\u0103str\u0103m identitatea cultural\u0103 mo\u0219tenit\u0103 din str\u0103buni \u0219i s\u0103 o prezent\u0103m lumii cu m\u00e2ndrie.<\/p><p>Da, Liceul Teoretic \u201dVasile Alecsandri\u201d din S\u0103b\u0103oani se num\u0103r\u0103 printre acele \u201dtemple\u201d ale educa\u021biei care au oferit lumii diferite personalit\u0103\u021bi culturale, \u0219tiin\u021bifice \u0219i care preg\u0103te\u0219te genera\u021biile tinere s\u0103 fac\u0103 fa\u021b\u0103 provoc\u0103rilor secolului \u00een care tr\u0103im.<\/p>\t\t\t\t\t\t<\/div>\n\t\t\t\t<\/div>\n\t\t\t\t<\/div>\n\t\t\t\t<\/div>\n\t\t<div class=\"elementor-element elementor-element-9bab67e e-flex e-con-boxed e-con e-parent\" data-id=\"9bab67e\" data-element_type=\"container\" data-settings=\"{&quot;content_width&quot;:&quot;boxed&quot;}\" data-core-v316-plus=\"true\">\n\t\t\t\t\t<div class=\"e-con-inner\">\n\t\t<div class=\"elementor-element elementor-element-612b9a7 e-con-full e-flex e-con e-child\" data-id=\"612b9a7\" data-element_type=\"container\" data-settings=\"{&quot;content_width&quot;:&quot;full&quot;}\">\n\t\t\t\t<div class=\"elementor-element elementor-element-452bae4 elementor-widget elementor-widget-spacer\" data-id=\"452bae4\" data-element_type=\"widget\" data-widget_type=\"spacer.default\">\n\t\t\t\t<div class=\"elementor-widget-container\">\n\t\t\t<style>\/*! elementor - v3.17.0 - 08-11-2023 *\/\n.elementor-column .elementor-spacer-inner{height:var(--spacer-size)}.e-con{--container-widget-width:100%}.e-con-inner>.elementor-widget-spacer,.e-con>.elementor-widget-spacer{width:var(--container-widget-width,var(--spacer-size));--align-self:var(--container-widget-align-self,initial);--flex-shrink:0}.e-con-inner>.elementor-widget-spacer>.elementor-widget-container,.e-con>.elementor-widget-spacer>.elementor-widget-container{height:100%;width:100%}.e-con-inner>.elementor-widget-spacer>.elementor-widget-container>.elementor-spacer,.e-con>.elementor-widget-spacer>.elementor-widget-container>.elementor-spacer{height:100%}.e-con-inner>.elementor-widget-spacer>.elementor-widget-container>.elementor-spacer>.elementor-spacer-inner,.e-con>.elementor-widget-spacer>.elementor-widget-container>.elementor-spacer>.elementor-spacer-inner{height:var(--container-widget-height,var(--spacer-size))}.e-con-inner>.elementor-widget-spacer.elementor-widget-empty,.e-con>.elementor-widget-spacer.elementor-widget-empty{position:relative;min-height:22px;min-width:22px}.e-con-inner>.elementor-widget-spacer.elementor-widget-empty .elementor-widget-empty-icon,.e-con>.elementor-widget-spacer.elementor-widget-empty .elementor-widget-empty-icon{position:absolute;top:0;bottom:0;left:0;right:0;margin:auto;padding:0;width:22px;height:22px}<\/style>\t\t<div class=\"elementor-spacer\">\n\t\t\t<div class=\"elementor-spacer-inner\"><\/div>\n\t\t<\/div>\n\t\t\t\t<\/div>\n\t\t\t\t<\/div>\n\t\t\t\t<div class=\"elementor-element elementor-element-6784056 elementor-widget elementor-widget-image\" data-id=\"6784056\" data-element_type=\"widget\" data-widget_type=\"image.default\">\n\t\t\t\t<div class=\"elementor-widget-container\">\n\t\t\t\t\t\t\t\t\t\t\t\t\t\t\t<img decoding=\"async\" width=\"1024\" height=\"1024\" src=\"https:\/\/ltva-sabaoani.ro\/wp-content\/uploads\/2023\/12\/Puterea-Binelui-LTVA-Sabaoani-1024x1024.png\" class=\"attachment-large size-large wp-image-236\" alt=\"Puterea Binelui - LTVA Sabaoani\" srcset=\"https:\/\/ltva-sabaoani.ro\/wp-content\/uploads\/2023\/12\/Puterea-Binelui-LTVA-Sabaoani-1024x1024.png 1024w, https:\/\/ltva-sabaoani.ro\/wp-content\/uploads\/2023\/12\/Puterea-Binelui-LTVA-Sabaoani-300x300.png 300w, https:\/\/ltva-sabaoani.ro\/wp-content\/uploads\/2023\/12\/Puterea-Binelui-LTVA-Sabaoani-150x150.png 150w, https:\/\/ltva-sabaoani.ro\/wp-content\/uploads\/2023\/12\/Puterea-Binelui-LTVA-Sabaoani-768x768.png 768w, https:\/\/ltva-sabaoani.ro\/wp-content\/uploads\/2023\/12\/Puterea-Binelui-LTVA-Sabaoani.png 1080w\" sizes=\"(max-width: 1024px) 100vw, 1024px\" \/>\t\t\t\t\t\t\t\t\t\t\t\t\t\t\t<\/div>\n\t\t\t\t<\/div>\n\t\t\t\t<\/div>\n\t\t\t\t<div class=\"elementor-element elementor-element-cf49fd9 elementor-widget__width-initial elementor-widget elementor-widget-spacer\" data-id=\"cf49fd9\" data-element_type=\"widget\" data-widget_type=\"spacer.default\">\n\t\t\t\t<div class=\"elementor-widget-container\">\n\t\t\t\t\t<div class=\"elementor-spacer\">\n\t\t\t<div class=\"elementor-spacer-inner\"><\/div>\n\t\t<\/div>\n\t\t\t\t<\/div>\n\t\t\t\t<\/div>\n\t\t<div class=\"elementor-element elementor-element-162c57d e-con-full e-flex e-con e-child\" data-id=\"162c57d\" data-element_type=\"container\" data-settings=\"{&quot;content_width&quot;:&quot;full&quot;}\">\n\t\t<div class=\"elementor-element elementor-element-6c64e63 e-flex e-con-boxed e-con e-child\" data-id=\"6c64e63\" data-element_type=\"container\" data-settings=\"{&quot;content_width&quot;:&quot;boxed&quot;}\">\n\t\t\t\t\t<div class=\"e-con-inner\">\n\t\t\t\t<div class=\"elementor-element elementor-element-8147ff1 elementor-widget elementor-widget-spacer\" data-id=\"8147ff1\" data-element_type=\"widget\" data-widget_type=\"spacer.default\">\n\t\t\t\t<div class=\"elementor-widget-container\">\n\t\t\t\t\t<div class=\"elementor-spacer\">\n\t\t\t<div class=\"elementor-spacer-inner\"><\/div>\n\t\t<\/div>\n\t\t\t\t<\/div>\n\t\t\t\t<\/div>\n\t\t\t\t<div class=\"elementor-element elementor-element-d41431f elementor-widget elementor-widget-heading\" data-id=\"d41431f\" data-element_type=\"widget\" data-widget_type=\"heading.default\">\n\t\t\t\t<div class=\"elementor-widget-container\">\n\t\t\t<h2 class=\"elementor-heading-title elementor-size-default\">Centrul de voluntariat<br>\u201ePUTEREA BINELUI\u201d<\/h2>\t\t<\/div>\n\t\t\t\t<\/div>\n\t\t\t\t\t<\/div>\n\t\t\t\t<\/div>\n\t\t<div class=\"elementor-element elementor-element-eb1aa32 e-flex e-con-boxed e-con e-child\" data-id=\"eb1aa32\" data-element_type=\"container\" data-settings=\"{&quot;content_width&quot;:&quot;boxed&quot;}\">\n\t\t\t\t\t<div class=\"e-con-inner\">\n\t\t\t\t<div class=\"elementor-element elementor-element-02168ee elementor-widget elementor-widget-spacer\" data-id=\"02168ee\" data-element_type=\"widget\" data-widget_type=\"spacer.default\">\n\t\t\t\t<div class=\"elementor-widget-container\">\n\t\t\t\t\t<div class=\"elementor-spacer\">\n\t\t\t<div class=\"elementor-spacer-inner\"><\/div>\n\t\t<\/div>\n\t\t\t\t<\/div>\n\t\t\t\t<\/div>\n\t\t\t\t<div class=\"elementor-element elementor-element-45b0071 elementor-widget elementor-widget-text-editor\" data-id=\"45b0071\" data-element_type=\"widget\" data-widget_type=\"text-editor.default\">\n\t\t\t\t<div class=\"elementor-widget-container\">\n\t\t\t\t\t\t\t<p>Centrul pentru Voluntariat \u201ePuterea Binelui\u201d din cadrul Liceului Teoretic \u201eVasile Alecsandri\u201d, Comuna S\u0103b\u0103oani se dore\u0219te a fi un hub de resurse pentru copiii \u0219i tinerii care doresc s\u0103 se implice \u00een comunitate.<\/p><p>\u00cenfiin\u021bat \u00een toamna anului 2021, \u201ePuterea Binelui\u201d s-a eviden\u021biat prin numeroasele ac\u021biuni caritabile, culturale, sportive, ecologice etc. Premiul I ob\u021binut pentru cel mai bun centru de voluntariat din mediul rural la competi\u021bia organizat\u0103 de Ministerul Educa\u021biei \u00een cadrul Strategiei Na\u021bionale de Ac\u021biunea Comunitar\u0103 la P\u0103dureni, Covasna (18 oct. 2022) ne onoreaz\u0103 \u0219i ne oblig\u0103.<\/p><p>Voluntariatul \u00eenseamn\u0103 d\u0103ruire, altruism, implicare, spirit de echip\u0103, organizarea judicioas\u0103 a timpului, descoperirea propriilor abilit\u0103\u021bi de via\u021b\u0103 etc.<\/p><p>Ce mai a\u0219tep\u021bi? \u00censcrie-te \u00een \u201ePuterea Binelui\u201d pentru a-\u021bi face prieteni noi \u0219i pentru a \u00ee\u021bi remodela propria via\u021b\u0103!<\/p>\t\t\t\t\t\t<\/div>\n\t\t\t\t<\/div>\n\t\t\t\t\t<\/div>\n\t\t\t\t<\/div>\n\t\t\t\t<\/div>\n\t\t\t\t\t<\/div>\n\t\t\t\t<\/div>\n\t\t\t\t\t\t\t<\/div>\n\t\t","protected":false},"excerpt":{"rendered":"<p>Cine suntem noi \u201dAlecsandri\u0219tii\u201d? O \u00eentrebare fireasc\u0103, o c\u0103utare permanent\u0103 de r\u0103spunsuri, de sensuri.\u00a0 Dincolo de rezultatele, de premiile ob\u021binute de-a lungul anilor, noi suntem o comunitate: copii, p\u0103rin\u021bi, personal didactic \u0219i nedidactic, autorit\u0103\u021bi locale \u0219.a.\u00a0 Cu alte cuvinte, suntem to\u021bi cei care, \u00eempreun\u0103, avem un obiectiv comun \u0219i anume acela de a crea cet\u0103\u021beni&hellip;&nbsp;<a href=\"https:\/\/ltva-sabaoani.ro\/?page_id=47\" class=\"\" rel=\"bookmark\">Cite\u0219te mai mult &raquo;<span class=\"screen-reader-text\">Our Story<\/span><\/a><\/p>\n","protected":false},"author":1,"featured_media":0,"parent":0,"menu_order":0,"comment_status":"closed","ping_status":"closed","template":"elementor_header_footer","meta":{"neve_meta_sidebar":"","neve_meta_container":"","neve_meta_enable_content_width":"","neve_meta_content_width":0,"neve_meta_title_alignment":"","neve_meta_author_avatar":"","neve_post_elements_order":"","neve_meta_disable_header":"","neve_meta_disable_footer":"","neve_meta_disable_title":"","footnotes":""},"class_list":["post-47","page","type-page","status-publish","hentry"],"_links":{"self":[{"href":"https:\/\/ltva-sabaoani.ro\/index.php?rest_route=\/wp\/v2\/pages\/47","targetHints":{"allow":["GET"]}}],"collection":[{"href":"https:\/\/ltva-sabaoani.ro\/index.php?rest_route=\/wp\/v2\/pages"}],"about":[{"href":"https:\/\/ltva-sabaoani.ro\/index.php?rest_route=\/wp\/v2\/types\/page"}],"author":[{"embeddable":true,"href":"https:\/\/ltva-sabaoani.ro\/index.php?rest_route=\/wp\/v2\/users\/1"}],"replies":[{"embeddable":true,"href":"https:\/\/ltva-sabaoani.ro\/index.php?rest_route=%2Fwp%2Fv2%2Fcomments&post=47"}],"version-history":[{"count":43,"href":"https:\/\/ltva-sabaoani.ro\/index.php?rest_route=\/wp\/v2\/pages\/47\/revisions"}],"predecessor-version":[{"id":1052,"href":"https:\/\/ltva-sabaoani.ro\/index.php?rest_route=\/wp\/v2\/pages\/47\/revisions\/1052"}],"wp:attachment":[{"href":"https:\/\/ltva-sabaoani.ro\/index.php?rest_route=%2Fwp%2Fv2%2Fmedia&parent=47"}],"curies":[{"name":"wp","href":"https:\/\/api.w.org\/{rel}","templated":true}]}}